{"id":1105,"date":"2017-02-14T08:30:27","date_gmt":"2017-02-14T07:30:27","guid":{"rendered":"http:\/\/www.slodyczezpomyslem.pl\/en\/?page_id=1105"},"modified":"2023-02-14T10:09:22","modified_gmt":"2023-02-14T09:09:22","slug":"our-details","status":"publish","type":"page","link":"https:\/\/starysklep.slodyczezpomyslem.pl\/en\/about-us\/our-details\/","title":{"rendered":"Our details"},"content":{"rendered":"<p>Here you can find all the legal information about our company.<\/p>\n<p><big><strong>FULL LEGAL NAME AND ADDRESS:<\/strong><\/big><br \/>\nB&amp;B S\u0142odycze z Pomys\u0142em B\u0142aszczak sp.j.<br \/>\nul. \u015arednia 38<br \/>\n05-822 Milan\u00f3wek<br \/>\nPoland<\/p>\n<p><big><strong>LEGAL REGISTRATION:<\/strong><\/big><br \/>\nOur company is registered in the National Judicial Registrar of Businesses (Polish: <em>Rejestr Przedsiebiorc\u00f3w Krajowego Rejestru S\u0105dowego<\/em>), run by the District Court in Warsaw, Registrar Division XIV.<\/p>\n<p>The following people are legally entitled to represent our company on their own and for all types of contracts: Andrzej B\u0142aszczak, Krystyna B\u0142aszczak, Jaroslaw B\u0142aszczak<\/p>\n<p><strong><big>TAX REGISTRATION:<\/big><\/strong><br \/>\nWe are a registered VAT tax payer number within Poland and European Union.<br \/>\n<strong>Polish VAT number<\/strong>: 529-16-45-306<br \/>\n<strong>EU VAT number<\/strong>: PL5291645306<\/p>\n<p><strong><big>BANK<\/big><\/strong><br \/>\nOur company is served by BNP Paribas Bank Polska S.A. You can find our account number, as well as SWIFT\/BIC code on all invoices. We recommend for all our EU Customers to send us money transfers using SEPA standard, as that&#8217;s currently the fastest and usually the cheapest way of transfering money to Poland from a bank in another EU Member State.<\/p>\n<p><strong><big>NETWORKS MEMBERSHIP<\/big><\/strong><br \/>\nWe are members of PSI (Supplier status, member ID:\u00a047460) and European Sourcing.<\/p>\n<p><img loading=\"lazy\" decoding=\"async\" title=\"\" src=\"https:\/\/starysklep.slodyczezpomyslem.pl\/wp-content\/uploads\/2017\/02\/psi_logo.jpg\" alt=\"\" width=\"150\" height=\"85\" \/><\/p>\n<p><img loading=\"lazy\" decoding=\"async\" class=\"\" title=\"\" src=\"https:\/\/starysklep.slodyczezpomyslem.pl\/wp-content\/uploads\/2017\/02\/european_sourcing_logo.jpg\" alt=\"\" width=\"147\" height=\"92\" \/><\/p>\n","protected":false},"excerpt":{"rendered":"<p>Here you can find all the legal information about our company. FULL LEGAL NAME AND ADDRESS: B&amp;B S\u0142odycze z Pomys\u0142em B\u0142aszczak sp.j. ul. \u015arednia 38 05-822 Milan\u00f3wek Poland LEGAL REGISTRATION: Our company is registered in the National Judicial Registrar of Businesses (Polish: Rejestr Przedsiebiorc\u00f3w Krajowego Rejestru S\u0105dowego), run by the District Court in Warsaw, Registrar [&hellip;]<\/p>\n","protected":false},"author":5,"featured_media":0,"parent":326,"menu_order":22,"comment_status":"closed","ping_status":"closed","template":"","meta":{"footnotes":""},"class_list":["post-1105","page","type-page","status-publish","hentry"],"yoast_head":"<!-- This site is optimized with the Yoast SEO plugin v16.2 - https:\/\/yoast.com\/wordpress\/plugins\/seo\/ -->\n<title>Our details - S\u0142odycze reklamowe B&amp;B<\/title>\n<meta name=\"description\" content=\"Our details. Reklama i s\u0142odycze to nasze dwie pasje. \u0141\u0105czymy je w s\u0142odycze reklamowe, kt\u00f3re buduj\u0105 Tw\u00f3j pozytywny wizerunek. W czym mo\u017cemy pom\u00f3c?\" \/>\n<meta name=\"robots\" content=\"noindex, follow, max-snippet:-1, max-image-preview:large, max-video-preview:-1\" \/>\n<meta property=\"og:locale\" content=\"en_US\" \/>\n<meta property=\"og:type\" content=\"article\" \/>\n<meta property=\"og:title\" content=\"Our details - S\u0142odycze reklamowe B&amp;B\" \/>\n<meta property=\"og:description\" content=\"Our details. Reklama i s\u0142odycze to nasze dwie pasje. \u0141\u0105czymy je w s\u0142odycze reklamowe, kt\u00f3re buduj\u0105 Tw\u00f3j pozytywny wizerunek. W czym mo\u017cemy pom\u00f3c?\" \/>\n<meta property=\"og:url\" content=\"https:\/\/starysklep.slodyczezpomyslem.pl\/en\/about-us\/our-details\/\" \/>\n<meta property=\"og:site_name\" content=\"slodycze-reklamowe.pl\" \/>\n<meta property=\"article:modified_time\" content=\"2023-02-14T09:09:22+00:00\" \/>\n<meta property=\"og:image\" content=\"https:\/\/starysklep.slodyczezpomyslem.pl\/wp-content\/uploads\/2017\/02\/psi_logo.jpg\" \/>\n<meta name=\"twitter:card\" content=\"summary\" \/>\n<meta name=\"twitter:label1\" content=\"Est. reading time\">\n\t<meta name=\"twitter:data1\" content=\"2 minutes\">\n<script type=\"application\/ld+json\" class=\"yoast-schema-graph\">{\"@context\":\"https:\/\/schema.org\",\"@graph\":[{\"@type\":\"WebSite\",\"@id\":\"https:\/\/starysklep.slodyczezpomyslem.pl\/#website\",\"url\":\"https:\/\/starysklep.slodyczezpomyslem.pl\/\",\"name\":\"slodycze-reklamowe.pl\",\"description\":\"Kolejna witryna oparta na WordPressie\",\"potentialAction\":[{\"@type\":\"SearchAction\",\"target\":\"https:\/\/starysklep.slodyczezpomyslem.pl\/?s={search_term_string}\",\"query-input\":\"required name=search_term_string\"}],\"inLanguage\":\"en-US\"},{\"@type\":\"ImageObject\",\"@id\":\"https:\/\/starysklep.slodyczezpomyslem.pl\/en\/about-us\/our-details\/#primaryimage\",\"inLanguage\":\"en-US\",\"url\":\"https:\/\/starysklep.slodyczezpomyslem.pl\/wp-content\/uploads\/2017\/02\/psi_logo.jpg\",\"contentUrl\":\"https:\/\/starysklep.slodyczezpomyslem.pl\/wp-content\/uploads\/2017\/02\/psi_logo.jpg\",\"width\":150,\"height\":85},{\"@type\":\"WebPage\",\"@id\":\"https:\/\/starysklep.slodyczezpomyslem.pl\/en\/about-us\/our-details\/#webpage\",\"url\":\"https:\/\/starysklep.slodyczezpomyslem.pl\/en\/about-us\/our-details\/\",\"name\":\"Our details - S\\u0142odycze reklamowe B&B\",\"isPartOf\":{\"@id\":\"https:\/\/starysklep.slodyczezpomyslem.pl\/#website\"},\"primaryImageOfPage\":{\"@id\":\"https:\/\/starysklep.slodyczezpomyslem.pl\/en\/about-us\/our-details\/#primaryimage\"},\"datePublished\":\"2017-02-14T07:30:27+00:00\",\"dateModified\":\"2023-02-14T09:09:22+00:00\",\"description\":\"Our details. Reklama i s\\u0142odycze to nasze dwie pasje. \\u0141\\u0105czymy je w s\\u0142odycze reklamowe, kt\\u00f3re buduj\\u0105 Tw\\u00f3j pozytywny wizerunek. W czym mo\\u017cemy pom\\u00f3c?\",\"breadcrumb\":{\"@id\":\"https:\/\/starysklep.slodyczezpomyslem.pl\/en\/about-us\/our-details\/#breadcrumb\"},\"inLanguage\":\"en-US\",\"potentialAction\":[{\"@type\":\"ReadAction\",\"target\":[\"https:\/\/starysklep.slodyczezpomyslem.pl\/en\/about-us\/our-details\/\"]}]},{\"@type\":\"BreadcrumbList\",\"@id\":\"https:\/\/starysklep.slodyczezpomyslem.pl\/en\/about-us\/our-details\/#breadcrumb\",\"itemListElement\":[{\"@type\":\"ListItem\",\"position\":1,\"item\":{\"@type\":\"WebPage\",\"@id\":\"https:\/\/starysklep.slodyczezpomyslem.pl\/en\/\",\"url\":\"https:\/\/starysklep.slodyczezpomyslem.pl\/en\/\",\"name\":\"Strona g\\u0142\\u00f3wna\"}},{\"@type\":\"ListItem\",\"position\":2,\"item\":{\"@type\":\"WebPage\",\"@id\":\"https:\/\/starysklep.slodyczezpomyslem.pl\/en\/about-us\/\",\"url\":\"https:\/\/starysklep.slodyczezpomyslem.pl\/en\/about-us\/\",\"name\":\"About us\"}},{\"@type\":\"ListItem\",\"position\":3,\"item\":{\"@id\":\"https:\/\/starysklep.slodyczezpomyslem.pl\/en\/about-us\/our-details\/#webpage\"}}]}]}<\/script>\n<!-- \/ Yoast SEO plugin. -->","_links":{"self":[{"href":"https:\/\/starysklep.slodyczezpomyslem.pl\/en\/wp-json\/wp\/v2\/pages\/1105","targetHints":{"allow":["GET"]}}],"collection":[{"href":"https:\/\/starysklep.slodyczezpomyslem.pl\/en\/wp-json\/wp\/v2\/pages"}],"about":[{"href":"https:\/\/starysklep.slodyczezpomyslem.pl\/en\/wp-json\/wp\/v2\/types\/page"}],"author":[{"embeddable":true,"href":"https:\/\/starysklep.slodyczezpomyslem.pl\/en\/wp-json\/wp\/v2\/users\/5"}],"replies":[{"embeddable":true,"href":"https:\/\/starysklep.slodyczezpomyslem.pl\/en\/wp-json\/wp\/v2\/comments?post=1105"}],"version-history":[{"count":6,"href":"https:\/\/starysklep.slodyczezpomyslem.pl\/en\/wp-json\/wp\/v2\/pages\/1105\/revisions"}],"predecessor-version":[{"id":10191,"href":"https:\/\/starysklep.slodyczezpomyslem.pl\/en\/wp-json\/wp\/v2\/pages\/1105\/revisions\/10191"}],"up":[{"embeddable":true,"href":"https:\/\/starysklep.slodyczezpomyslem.pl\/en\/wp-json\/wp\/v2\/pages\/326"}],"wp:attachment":[{"href":"https:\/\/starysklep.slodyczezpomyslem.pl\/en\/wp-json\/wp\/v2\/media?parent=1105"}],"curies":[{"name":"wp","href":"https:\/\/api.w.org\/{rel}","templated":true}]}}