{"id":1108,"date":"2017-02-14T08:34:54","date_gmt":"2017-02-14T07:34:54","guid":{"rendered":"http:\/\/www.slodyczezpomyslem.pl\/en\/?page_id=1108"},"modified":"2025-09-15T11:42:56","modified_gmt":"2025-09-15T09:42:56","slug":"download","status":"publish","type":"page","link":"https:\/\/starysklep.slodyczezpomyslem.pl\/en\/about-us\/download\/","title":{"rendered":"Download"},"content":{"rendered":"<p>Here you can find files which will be useful when you work with us.<\/p>\n<p><strong><big>CHRISTMAS OFFER<\/big><\/strong><\/p>\n<ul>\n<li><a href=\"https:\/\/starysklep.slodyczezpomyslem.pl\/pliki\/web_christmas_2025.pdf\" target=\"_blank\" rel=\"noopener noreferrer\">PDF version<\/a><\/li>\n<\/ul>\n<p><strong><big>EASTER OFFER<br \/>\n<\/big><\/strong><\/p>\n<ul>\n<li><a href=\"https:\/\/starysklep.slodyczezpomyslem.pl\/pliki\/wielkanoc 2025_EN.pdf\" data-wplink-url-error=\"true\">PDF version<\/a><\/li>\n<\/ul>\n<p><strong><big>STANDARD ORDER FORM<\/big><\/strong><\/p>\n<ul>\n<li><a href=\"https:\/\/starysklep.slodyczezpomyslem.pl\/pliki\/order_form.pdf\">PDF version<\/a>\u00a0(Acrobat Reader)<\/li>\n<li><a href=\"https:\/\/starysklep.slodyczezpomyslem.pl\/pliki\/order_form.xls\">XLS version<\/a> (MS Excel or OpenOffice)<\/li>\n<\/ul>\n<p><strong><big>PRICE LIST\u00a0<\/big><\/strong><br \/>\nResellers can obtain access to the closed section of our website, from which they can download our current price list. If you already have your login and password, <a href=\"https:\/\/starysklep.slodyczezpomyslem.pl\/panel\">please use this page<\/a> to sign in. If you don&#8217;t have an account, please <a>contact our Export Manager<\/a> to get one.<\/p>\n<p><strong><big>GRAPHIC TEMPLATES<\/big><\/strong><br \/>\nYou can receive graphic template for any of our products, which makes it easier for your designer to prepare the artwork. Templates are sent by e-mail by individual request, to receive please write to our <a>Export Manager<\/a> to directly to our <a>Designers<\/a>.<\/p>\n<p>Please note the templates are subject to copyright and they can&#8217;t be used for any other purposes than those directly related to the order placed at our company.<\/p>\n","protected":false},"excerpt":{"rendered":"<p>Here you can find files which will be useful when you work with us. CHRISTMAS OFFER PDF version EASTER OFFER PDF version STANDARD ORDER FORM PDF version\u00a0(Acrobat Reader) XLS version (MS Excel or OpenOffice) PRICE LIST\u00a0 Resellers can obtain access to the closed section of our website, from which they can download our current price [&hellip;]<\/p>\n","protected":false},"author":5,"featured_media":0,"parent":326,"menu_order":29,"comment_status":"closed","ping_status":"closed","template":"","meta":{"footnotes":""},"class_list":["post-1108","page","type-page","status-publish","hentry"],"yoast_head":"<!-- This site is optimized with the Yoast SEO plugin v16.2 - https:\/\/yoast.com\/wordpress\/plugins\/seo\/ -->\n<title>Download - S\u0142odycze reklamowe B&amp;B<\/title>\n<meta name=\"description\" content=\"Download. Reklama i s\u0142odycze to nasze dwie pasje. \u0141\u0105czymy je w s\u0142odycze reklamowe, kt\u00f3re buduj\u0105 Tw\u00f3j pozytywny wizerunek. W czym mo\u017cemy pom\u00f3c?\" \/>\n<meta name=\"robots\" content=\"noindex, follow, max-snippet:-1, max-image-preview:large, max-video-preview:-1\" \/>\n<meta property=\"og:locale\" content=\"en_US\" \/>\n<meta property=\"og:type\" content=\"article\" \/>\n<meta property=\"og:title\" content=\"Download - S\u0142odycze reklamowe B&amp;B\" \/>\n<meta property=\"og:description\" content=\"Download. Reklama i s\u0142odycze to nasze dwie pasje. \u0141\u0105czymy je w s\u0142odycze reklamowe, kt\u00f3re buduj\u0105 Tw\u00f3j pozytywny wizerunek. W czym mo\u017cemy pom\u00f3c?\" \/>\n<meta property=\"og:url\" content=\"https:\/\/starysklep.slodyczezpomyslem.pl\/en\/about-us\/download\/\" \/>\n<meta property=\"og:site_name\" content=\"slodycze-reklamowe.pl\" \/>\n<meta property=\"article:modified_time\" content=\"2025-09-15T09:42:56+00:00\" \/>\n<meta name=\"twitter:card\" content=\"summary\" \/>\n<meta name=\"twitter:label1\" content=\"Est. reading time\">\n\t<meta name=\"twitter:data1\" content=\"1 minute\">\n<script type=\"application\/ld+json\" class=\"yoast-schema-graph\">{\"@context\":\"https:\/\/schema.org\",\"@graph\":[{\"@type\":\"WebSite\",\"@id\":\"https:\/\/starysklep.slodyczezpomyslem.pl\/#website\",\"url\":\"https:\/\/starysklep.slodyczezpomyslem.pl\/\",\"name\":\"slodycze-reklamowe.pl\",\"description\":\"Kolejna witryna oparta na WordPressie\",\"potentialAction\":[{\"@type\":\"SearchAction\",\"target\":\"https:\/\/starysklep.slodyczezpomyslem.pl\/?s={search_term_string}\",\"query-input\":\"required name=search_term_string\"}],\"inLanguage\":\"en-US\"},{\"@type\":\"WebPage\",\"@id\":\"https:\/\/starysklep.slodyczezpomyslem.pl\/en\/about-us\/download\/#webpage\",\"url\":\"https:\/\/starysklep.slodyczezpomyslem.pl\/en\/about-us\/download\/\",\"name\":\"Download - S\\u0142odycze reklamowe B&B\",\"isPartOf\":{\"@id\":\"https:\/\/starysklep.slodyczezpomyslem.pl\/#website\"},\"datePublished\":\"2017-02-14T07:34:54+00:00\",\"dateModified\":\"2025-09-15T09:42:56+00:00\",\"description\":\"Download. Reklama i s\\u0142odycze to nasze dwie pasje. \\u0141\\u0105czymy je w s\\u0142odycze reklamowe, kt\\u00f3re buduj\\u0105 Tw\\u00f3j pozytywny wizerunek. W czym mo\\u017cemy pom\\u00f3c?\",\"breadcrumb\":{\"@id\":\"https:\/\/starysklep.slodyczezpomyslem.pl\/en\/about-us\/download\/#breadcrumb\"},\"inLanguage\":\"en-US\",\"potentialAction\":[{\"@type\":\"ReadAction\",\"target\":[\"https:\/\/starysklep.slodyczezpomyslem.pl\/en\/about-us\/download\/\"]}]},{\"@type\":\"BreadcrumbList\",\"@id\":\"https:\/\/starysklep.slodyczezpomyslem.pl\/en\/about-us\/download\/#breadcrumb\",\"itemListElement\":[{\"@type\":\"ListItem\",\"position\":1,\"item\":{\"@type\":\"WebPage\",\"@id\":\"https:\/\/starysklep.slodyczezpomyslem.pl\/en\/\",\"url\":\"https:\/\/starysklep.slodyczezpomyslem.pl\/en\/\",\"name\":\"Strona g\\u0142\\u00f3wna\"}},{\"@type\":\"ListItem\",\"position\":2,\"item\":{\"@type\":\"WebPage\",\"@id\":\"https:\/\/starysklep.slodyczezpomyslem.pl\/en\/about-us\/\",\"url\":\"https:\/\/starysklep.slodyczezpomyslem.pl\/en\/about-us\/\",\"name\":\"About us\"}},{\"@type\":\"ListItem\",\"position\":3,\"item\":{\"@id\":\"https:\/\/starysklep.slodyczezpomyslem.pl\/en\/about-us\/download\/#webpage\"}}]}]}<\/script>\n<!-- \/ Yoast SEO plugin. -->","_links":{"self":[{"href":"https:\/\/starysklep.slodyczezpomyslem.pl\/en\/wp-json\/wp\/v2\/pages\/1108","targetHints":{"allow":["GET"]}}],"collection":[{"href":"https:\/\/starysklep.slodyczezpomyslem.pl\/en\/wp-json\/wp\/v2\/pages"}],"about":[{"href":"https:\/\/starysklep.slodyczezpomyslem.pl\/en\/wp-json\/wp\/v2\/types\/page"}],"author":[{"embeddable":true,"href":"https:\/\/starysklep.slodyczezpomyslem.pl\/en\/wp-json\/wp\/v2\/users\/5"}],"replies":[{"embeddable":true,"href":"https:\/\/starysklep.slodyczezpomyslem.pl\/en\/wp-json\/wp\/v2\/comments?post=1108"}],"version-history":[{"count":23,"href":"https:\/\/starysklep.slodyczezpomyslem.pl\/en\/wp-json\/wp\/v2\/pages\/1108\/revisions"}],"predecessor-version":[{"id":12919,"href":"https:\/\/starysklep.slodyczezpomyslem.pl\/en\/wp-json\/wp\/v2\/pages\/1108\/revisions\/12919"}],"up":[{"embeddable":true,"href":"https:\/\/starysklep.slodyczezpomyslem.pl\/en\/wp-json\/wp\/v2\/pages\/326"}],"wp:attachment":[{"href":"https:\/\/starysklep.slodyczezpomyslem.pl\/en\/wp-json\/wp\/v2\/media?parent=1108"}],"curies":[{"name":"wp","href":"https:\/\/api.w.org\/{rel}","templated":true}]}}