{"id":326,"date":"2017-01-26T10:04:43","date_gmt":"2017-01-26T09:04:43","guid":{"rendered":"http:\/\/www.slodyczezpomyslem.pl\/?page_id=326&#038;lang=en"},"modified":"2018-04-10T14:01:44","modified_gmt":"2018-04-10T12:01:44","slug":"about-us","status":"publish","type":"page","link":"https:\/\/starysklep.slodyczezpomyslem.pl\/en\/about-us\/","title":{"rendered":"About us"},"content":{"rendered":"<p>[vc_row][vc_column][vc_column_text el_class=&#8221;intellect-subpage-title&#8221;]About us[\/vc_column_text][\/vc_column][\/vc_row][vc_row][vc_column][vc_column_text el_class=&#8221;intellect-subpage-title-text&#8221;]We serve over 7000 business customers in more than 20 countries.[\/vc_column_text][\/vc_column][\/vc_row][vc_row el_class=&#8221;aboutfirm-text intellect-medium-center&#8221;][vc_column offset=&#8221;vc_col-md-4&#8243;][vc_single_image image=&#8221;177&#8243; img_size=&#8221;aboutfirm&#8221; el_class=&#8221;intellect-medium-center&#8221;][\/vc_column][vc_column offset=&#8221;vc_col-md-8&#8243; el_class=&#8221;intellect-padding-left-15&#8243;][vc_custom_heading text=&#8221;What do we do?&#8221; font_container=&#8221;tag:h2|font_size:24px|text_align:left|color:%23706f71|line_height:20px&#8221; use_theme_fonts=&#8221;yes&#8221; el_class=&#8221;intellect-font-bold intellect-medium-center&#8221;][vc_column_text css=&#8221;.vc_custom_1485347609389{margin-top: 20px !important;}&#8221;]Our company operates under two main brands, in two areas of business:<\/p>\n<p style=\"text-align: justify;\"><strong><span style=\"color: #0a9c1f;\">B&amp;B Promotional Sweets!<\/span><\/strong>\u00a0is one of Poland&#8217;s leading brands of sweets and other food products designed for promotional uses by companies and public instiutions. Since 1997, we have delivered sweet and creative promotional solutions to over 6 00 businesss Customers in Poland and over 20 other countries in Europe. We work for renown corporations, local council and governmental institutions, but also for small and medium companies. We serve great international brands,we deliver sweets for the biggest events, but we are also happy to assist our Customers in building ther positive image on a smaller scale: in their region, town or neighbourhood. We enjoy particularly close business relationships with resellers, who are key group of our partners. Our standard offer includes over 400 products, but we find great joy in developing new ideas inspired by our Customers. And our special treat? Chocolate! The real one!\u00a0[\/vc_column_text][\/vc_column][\/vc_row][vc_row][vc_column][vc_separator][\/vc_column][\/vc_row][vc_row][vc_column][vc_custom_heading text=&#8221;Who we are &#8211; our values&#8221; font_container=&#8221;tag:h2|font_size:24px|text_align:center|color:%23706f71|line_height:20px&#8221; use_theme_fonts=&#8221;yes&#8221; el_class=&#8221;intellect-font-bold&#8221; css=&#8221;.vc_custom_1484636427493{margin-top: 10px !important;}&#8221;][\/vc_column][\/vc_row][vc_row el_class=&#8221;our-values-content&#8221;][vc_column width=&#8221;1\/3&#8243; offset=&#8221;vc_col-xs-12&#8243;][vc_raw_html]JTNDZGl2JTIwY2xhc3MlM0QlMjJpY29uLW91dGVyJTIyJTNFJTNDaSUyMGNsYXNzJTNEJTIyaWNvbiUyMGljb24tYnJvY2NvbGklMjIlM0UlM0MlMkZpJTNFJTNDJTJGZGl2JTNF[\/vc_raw_html][vc_custom_heading text=&#8221;We are a family business,&#8221; font_container=&#8221;tag:h2|font_size:22px|text_align:center|color:%23706f71|line_height:20px&#8221; use_theme_fonts=&#8221;yes&#8221;][vc_column_text el_class=&#8221;our-values-text&#8221;]<\/p>\n<p style=\"text-align: center;\">established in 1982 and run to this day by the B\u0142aszczak family, currently the founders Andrzej and Krystyna and their sons Jaros\u0142aw and Kamil. But there&#8217;s more to it. We also make sure it feels like family among all of our Staff Members, we also try to make our Customers, Partners and Suppliers feel the same. We enjoy our work, we like each other and we like to share that with others \ud83d\ude42<\/p>\n<p>[\/vc_column_text][\/vc_column][vc_column width=&#8221;1\/3&#8243; offset=&#8221;vc_col-xs-12&#8243;][vc_raw_html]JTNDZGl2JTIwY2xhc3MlM0QlMjJpY29uLW91dGVyJTIyJTNFJTNDaSUyMGNsYXNzJTNEJTIyaWNvbiUyMGljb24tbGlnaHQtYnVsYiUyMiUzRSUzQyUyRmklM0UlM0MlMkZkaXYlM0U=[\/vc_raw_html][vc_custom_heading text=&#8221;We work in advertising,&#8221; font_container=&#8221;tag:h2|font_size:22px|text_align:center|color:%23706f71|line_height:20px&#8221; use_theme_fonts=&#8221;yes&#8221;][vc_column_text el_class=&#8221;our-values-text&#8221;]<\/p>\n<p style=\"text-align: center;\">which means we share the best qualities of our business: creativity, flexibility and individual approach towards each Customer. During our over 30 years in business we developed our own design, print, storage, production and transport facilities. Shortly speaking: we execute very many stages of your orders under one roof, which happends to be our own one. This allows us to respond to your sweet needs quickly and with a full service offer.<\/p>\n<p>[\/vc_column_text][\/vc_column][vc_column width=&#8221;1\/3&#8243; offset=&#8221;vc_col-xs-12&#8243;][vc_raw_html]JTNDZGl2JTIwY2xhc3MlM0QlMjJpY29uLW91dGVyJTIyJTNFJTNDaSUyMGNsYXNzJTNEJTIyaWNvbiUyMGljb24tbGlrZSUyMiUzRSUzQyUyRmklM0UlM0MlMkZkaXYlM0U=[\/vc_raw_html][vc_custom_heading text=&#8221;We are profesionals&#8221; font_container=&#8221;tag:h2|font_size:22px|text_align:center|color:%23706f71|line_height:20px&#8221; use_theme_fonts=&#8221;yes&#8221;][vc_column_text el_class=&#8221;our-values-text&#8221;]<\/p>\n<p style=\"text-align: center;\">and we know that quality of products and services comes only from accuracy, knowledge, experience and creativity at each stage of work. We produce unique chocolate gadgets using the same supplies and equipment as chocolatiers in Belgium and Switzerland. All our production is organised in accordance with strict EU food safety regulations, including HACCP rules. Customer Service is based on a modern CRM system.<\/p>\n<p>[\/vc_column_text][\/vc_column][\/vc_row]<\/p>\n","protected":false},"excerpt":{"rendered":"<p>[vc_row][vc_column][vc_column_text el_class=&#8221;intellect-subpage-title&#8221;]About us[\/vc_column_text][\/vc_column][\/vc_row][vc_row][vc_column][vc_column_text el_class=&#8221;intellect-subpage-title-text&#8221;]We serve over 7000 business customers in more than 20 countries.[\/vc_column_text][\/vc_column][\/vc_row][vc_row el_class=&#8221;aboutfirm-text intellect-medium-center&#8221;][vc_column offset=&#8221;vc_col-md-4&#8243;][vc_single_image image=&#8221;177&#8243; img_size=&#8221;aboutfirm&#8221; el_class=&#8221;intellect-medium-center&#8221;][\/vc_column][vc_column offset=&#8221;vc_col-md-8&#8243; el_class=&#8221;intellect-padding-left-15&#8243;][vc_custom_heading text=&#8221;What do we do?&#8221; font_container=&#8221;tag:h2|font_size:24px|text_align:left|color:%23706f71|line_height:20px&#8221; use_theme_fonts=&#8221;yes&#8221; el_class=&#8221;intellect-font-bold intellect-medium-center&#8221;][vc_column_text css=&#8221;.vc_custom_1485347609389{margin-top: 20px !important;}&#8221;]Our company operates under two main brands, in two areas of business: B&amp;B Promotional Sweets!\u00a0is one of Poland&#8217;s leading brands of sweets and [&hellip;]<\/p>\n","protected":false},"author":1,"featured_media":0,"parent":0,"menu_order":9,"comment_status":"closed","ping_status":"closed","template":"","meta":{"footnotes":""},"class_list":["post-326","page","type-page","status-publish","hentry"],"yoast_head":"<!-- This site is optimized with the Yoast SEO plugin v16.2 - https:\/\/yoast.com\/wordpress\/plugins\/seo\/ -->\n<title>About us - S\u0142odycze reklamowe B&amp;B<\/title>\n<meta name=\"description\" content=\"About us. Reklama i s\u0142odycze to nasze dwie pasje. \u0141\u0105czymy je w s\u0142odycze reklamowe, kt\u00f3re buduj\u0105 Tw\u00f3j pozytywny wizerunek. W czym mo\u017cemy pom\u00f3c?\" \/>\n<meta name=\"robots\" content=\"noindex, follow, max-snippet:-1, max-image-preview:large, max-video-preview:-1\" \/>\n<meta property=\"og:locale\" content=\"en_US\" \/>\n<meta property=\"og:type\" content=\"article\" \/>\n<meta property=\"og:title\" content=\"About us - S\u0142odycze reklamowe B&amp;B\" \/>\n<meta property=\"og:description\" content=\"About us. Reklama i s\u0142odycze to nasze dwie pasje. \u0141\u0105czymy je w s\u0142odycze reklamowe, kt\u00f3re buduj\u0105 Tw\u00f3j pozytywny wizerunek. W czym mo\u017cemy pom\u00f3c?\" \/>\n<meta property=\"og:url\" content=\"https:\/\/starysklep.slodyczezpomyslem.pl\/en\/about-us\/\" \/>\n<meta property=\"og:site_name\" content=\"slodycze-reklamowe.pl\" \/>\n<meta property=\"article:modified_time\" content=\"2018-04-10T12:01:44+00:00\" \/>\n<meta name=\"twitter:card\" content=\"summary\" \/>\n<meta name=\"twitter:label1\" content=\"Est. reading time\">\n\t<meta name=\"twitter:data1\" content=\"4 minutes\">\n<script type=\"application\/ld+json\" class=\"yoast-schema-graph\">{\"@context\":\"https:\/\/schema.org\",\"@graph\":[{\"@type\":\"WebSite\",\"@id\":\"https:\/\/starysklep.slodyczezpomyslem.pl\/#website\",\"url\":\"https:\/\/starysklep.slodyczezpomyslem.pl\/\",\"name\":\"slodycze-reklamowe.pl\",\"description\":\"Kolejna witryna oparta na WordPressie\",\"potentialAction\":[{\"@type\":\"SearchAction\",\"target\":\"https:\/\/starysklep.slodyczezpomyslem.pl\/?s={search_term_string}\",\"query-input\":\"required name=search_term_string\"}],\"inLanguage\":\"en-US\"},{\"@type\":\"WebPage\",\"@id\":\"https:\/\/starysklep.slodyczezpomyslem.pl\/en\/about-us\/#webpage\",\"url\":\"https:\/\/starysklep.slodyczezpomyslem.pl\/en\/about-us\/\",\"name\":\"About us - S\\u0142odycze reklamowe B&B\",\"isPartOf\":{\"@id\":\"https:\/\/starysklep.slodyczezpomyslem.pl\/#website\"},\"datePublished\":\"2017-01-26T09:04:43+00:00\",\"dateModified\":\"2018-04-10T12:01:44+00:00\",\"description\":\"About us. Reklama i s\\u0142odycze to nasze dwie pasje. \\u0141\\u0105czymy je w s\\u0142odycze reklamowe, kt\\u00f3re buduj\\u0105 Tw\\u00f3j pozytywny wizerunek. W czym mo\\u017cemy pom\\u00f3c?\",\"breadcrumb\":{\"@id\":\"https:\/\/starysklep.slodyczezpomyslem.pl\/en\/about-us\/#breadcrumb\"},\"inLanguage\":\"en-US\",\"potentialAction\":[{\"@type\":\"ReadAction\",\"target\":[\"https:\/\/starysklep.slodyczezpomyslem.pl\/en\/about-us\/\"]}]},{\"@type\":\"BreadcrumbList\",\"@id\":\"https:\/\/starysklep.slodyczezpomyslem.pl\/en\/about-us\/#breadcrumb\",\"itemListElement\":[{\"@type\":\"ListItem\",\"position\":1,\"item\":{\"@type\":\"WebPage\",\"@id\":\"https:\/\/starysklep.slodyczezpomyslem.pl\/en\/\",\"url\":\"https:\/\/starysklep.slodyczezpomyslem.pl\/en\/\",\"name\":\"Strona g\\u0142\\u00f3wna\"}},{\"@type\":\"ListItem\",\"position\":2,\"item\":{\"@id\":\"https:\/\/starysklep.slodyczezpomyslem.pl\/en\/about-us\/#webpage\"}}]}]}<\/script>\n<!-- \/ Yoast SEO plugin. -->","_links":{"self":[{"href":"https:\/\/starysklep.slodyczezpomyslem.pl\/en\/wp-json\/wp\/v2\/pages\/326","targetHints":{"allow":["GET"]}}],"collection":[{"href":"https:\/\/starysklep.slodyczezpomyslem.pl\/en\/wp-json\/wp\/v2\/pages"}],"about":[{"href":"https:\/\/starysklep.slodyczezpomyslem.pl\/en\/wp-json\/wp\/v2\/types\/page"}],"author":[{"embeddable":true,"href":"https:\/\/starysklep.slodyczezpomyslem.pl\/en\/wp-json\/wp\/v2\/users\/1"}],"replies":[{"embeddable":true,"href":"https:\/\/starysklep.slodyczezpomyslem.pl\/en\/wp-json\/wp\/v2\/comments?post=326"}],"version-history":[{"count":14,"href":"https:\/\/starysklep.slodyczezpomyslem.pl\/en\/wp-json\/wp\/v2\/pages\/326\/revisions"}],"predecessor-version":[{"id":5110,"href":"https:\/\/starysklep.slodyczezpomyslem.pl\/en\/wp-json\/wp\/v2\/pages\/326\/revisions\/5110"}],"wp:attachment":[{"href":"https:\/\/starysklep.slodyczezpomyslem.pl\/en\/wp-json\/wp\/v2\/media?parent=326"}],"curies":[{"name":"wp","href":"https:\/\/api.w.org\/{rel}","templated":true}]}}