{"id":5377,"date":"2018-06-20T14:18:04","date_gmt":"2018-06-20T12:18:04","guid":{"rendered":"http:\/\/www.slodyczezpomyslem.pl\/en\/?page_id=5377"},"modified":"2018-06-20T14:31:39","modified_gmt":"2018-06-20T12:31:39","slug":"data-processing-rules","status":"publish","type":"page","link":"https:\/\/starysklep.slodyczezpomyslem.pl\/en\/about-us\/data-processing-rules\/","title":{"rendered":"Data processing rules"},"content":{"rendered":"<p align=\"JUSTIFY\"><a name=\"_GoBack\"><\/a><span lang=\"en-GB\">Information clause regarding personal data processing.<\/span><\/p>\n<ol>\n<li>\n<p align=\"JUSTIFY\"><span lang=\"en-GB\">Your personal data is administered by B&amp;B Promotional Sweets ( B&amp;B S\u0142odycze Reklamowe A.K.J. B\u0142aszczak sp.j. ), located at \u015arednia 38, 05-822 Milan\u00f3wek, Poland, tel. 22 724 61 65, e-mail: <a href=\"mailto:export@promotionalsweets.pl\">export@promotionalsweets.pl<\/a><\/span><\/p>\n<\/li>\n<li>\n<p lang=\"en-GB\" align=\"JUSTIFY\">Your personal data can be processed for the purpose of<\/p>\n<\/li>\n<\/ol>\n<ol style=\"list-style-type: lower-alpha;\">\n<li>\n<p lang=\"en-GB\" align=\"JUSTIFY\">product and service marketing, including analytical purposes \u2013 with the legal base being a granted permission,<\/p>\n<\/li>\n<li>\n<p lang=\"en-GB\" align=\"JUSTIFY\">execution of a placed order, execution of an ordered service \u2013 with the the legal base being a placed order or an agreement \/ order to provide services,<\/p>\n<\/li>\n<li>\n<p lang=\"en-GB\" align=\"JUSTIFY\">distribution of our newsletter \u2013 with the legal base being a granted permission.<\/p>\n<\/li>\n<\/ol>\n<ol start=\"3\">\n<li>\n<p lang=\"en-GB\" align=\"JUSTIFY\">Providing the data is voluntary, but also neccessary for the purposes stated in pt. 2<\/p>\n<\/li>\n<li>\n<p lang=\"en-GB\" align=\"JUSTIFY\">Your personal data will not be stored longer than required to fulfill the goals for which they were gathered, or longer than legally allowed.<\/p>\n<\/li>\n<li>\n<p lang=\"en-GB\" align=\"JUSTIFY\">The recipients of your personal data can be bodies providing services for the administrator , including bodies providing services in the fields of accounting, legal support, technical support, software and IT solutions providers, as well as banks, insurance companies, telecommunication companies, tax offices, public administration organs.<\/p>\n<\/li>\n<li>\n<p lang=\"en-GB\" align=\"JUSTIFY\">Each person providing personal data has:<\/p>\n<\/li>\n<\/ol>\n<ol style=\"list-style-type: lower-alpha;\">\n<li>\n<p lang=\"en-GB\" align=\"JUSTIFY\">the right of access \u2013 can demand from the administrator information on the processing of their personal data , that is, confirmation whether their personal data is being processed. If the data is indeed processed, they are entintled to access them, receiving their copy and to receiving the following information: the purpose of processing, types of stored data, information on their recipients or types of recipients that have received them or will in the future, the duration of their storage, its criteria, the owner&#8217;s rights related to the processing of their personal data, the possibilities of filing a complaint with the supervising organ, the source of acquired personal data if it was not received directly from their owner, and the profiling and automated processing of decision (art. 15 of RODO);<\/p>\n<\/li>\n<li>\n<p lang=\"en-GB\" align=\"JUSTIFY\">the right of correction \u2013 can correct their personal data. If the person establishes that their personal data processed by the administrator is incorrect, out-of-date or incomplete, they can demand their immediate correction or supplementaion (art. 16 of RODO);<\/p>\n<\/li>\n<li>\n<p lang=\"en-GB\" align=\"JUSTIFY\">the right to be forgotten \u2013 can demand the deletion of their personal data, wherein if the person gave permission for processing of their data, the demand of deletion will have the same effect as withdrawing their permission (art. of 17 RODO);<\/p>\n<\/li>\n<li>\n<p lang=\"en-GB\" align=\"JUSTIFY\">right to limit the processing \u2013 can demand limiting the processing of their personal data (art. of 18 RODO), that is, demand cessation of their processing in any other way than storage.<\/p>\n<\/li>\n<li>\n<p lang=\"en-GB\" align=\"JUSTIFY\">right to transfer \u2013 can move their personal data, that is, receive the personal data provided to the administrator in a structured, commonly used format suitable for machine-based reading if their processing is based on granted permission, or demand disclosing the data to another administrator pointed by the data owner (art. 20 of RODO).<\/p>\n<\/li>\n<\/ol>\n<ol start=\"7\">\n<li>\n<p lang=\"en-GB\" align=\"JUSTIFY\">You have the right to file a complaint with President of the Office for Personal Data Protection if you believe that the processing of personal data concerning you violates the regulations of the Ordinance.<\/p>\n<\/li>\n<li>\n<p lang=\"en-GB\" align=\"JUSTIFY\">In case of processing based on granted permission, you are entitled at any moment to withdraw your permission for the personal data processing, however the withdrawal does not affect the legal accordance of processing based on permission that took plac before its withdrawing. The permission can be each time withdrawn the same way it was granted, especially by submitting a proper declaration using contact or electronic mail adress provided in pt. 1<\/p>\n<\/li>\n<li>\n<p lang=\"en-GB\" align=\"JUSTIFY\">Your personal data will not be processed in the realm of automated decision making, nor will they undergo profiling.<\/p>\n<\/li>\n<\/ol>\n<p lang=\"en-GB\" align=\"JUSTIFY\">\n","protected":false},"excerpt":{"rendered":"<p>Information clause regarding personal data processing. Your personal data is administered by B&amp;B Promotional Sweets ( B&amp;B S\u0142odycze Reklamowe A.K.J. B\u0142aszczak sp.j. ), located at \u015arednia 38, 05-822 Milan\u00f3wek, Poland, tel. 22 724 61 65, e-mail: export@promotionalsweets.pl Your personal data can be processed for the purpose of product and service marketing, including analytical purposes \u2013 [&hellip;]<\/p>\n","protected":false},"author":5,"featured_media":0,"parent":326,"menu_order":8,"comment_status":"closed","ping_status":"closed","template":"","meta":{"footnotes":""},"class_list":["post-5377","page","type-page","status-publish","hentry"],"yoast_head":"<!-- This site is optimized with the Yoast SEO plugin v16.2 - https:\/\/yoast.com\/wordpress\/plugins\/seo\/ -->\n<title>Data processing rules - S\u0142odycze reklamowe B&amp;B<\/title>\n<meta name=\"description\" content=\"Data processing rules. Reklama i s\u0142odycze to nasze dwie pasje. \u0141\u0105czymy je w s\u0142odycze reklamowe, kt\u00f3re buduj\u0105 Tw\u00f3j pozytywny wizerunek. W czym mo\u017cemy pom\u00f3c?\" \/>\n<meta name=\"robots\" content=\"noindex, follow, max-snippet:-1, max-image-preview:large, max-video-preview:-1\" \/>\n<meta property=\"og:locale\" content=\"en_US\" \/>\n<meta property=\"og:type\" content=\"article\" \/>\n<meta property=\"og:title\" content=\"Data processing rules - S\u0142odycze reklamowe B&amp;B\" \/>\n<meta property=\"og:description\" content=\"Data processing rules. Reklama i s\u0142odycze to nasze dwie pasje. \u0141\u0105czymy je w s\u0142odycze reklamowe, kt\u00f3re buduj\u0105 Tw\u00f3j pozytywny wizerunek. W czym mo\u017cemy pom\u00f3c?\" \/>\n<meta property=\"og:url\" content=\"https:\/\/starysklep.slodyczezpomyslem.pl\/en\/about-us\/data-processing-rules\/\" \/>\n<meta property=\"og:site_name\" content=\"slodycze-reklamowe.pl\" \/>\n<meta property=\"article:modified_time\" content=\"2018-06-20T12:31:39+00:00\" \/>\n<meta name=\"twitter:card\" content=\"summary\" \/>\n<meta name=\"twitter:label1\" content=\"Est. reading time\">\n\t<meta name=\"twitter:data1\" content=\"3 minutes\">\n<script type=\"application\/ld+json\" class=\"yoast-schema-graph\">{\"@context\":\"https:\/\/schema.org\",\"@graph\":[{\"@type\":\"WebSite\",\"@id\":\"https:\/\/starysklep.slodyczezpomyslem.pl\/#website\",\"url\":\"https:\/\/starysklep.slodyczezpomyslem.pl\/\",\"name\":\"slodycze-reklamowe.pl\",\"description\":\"Kolejna witryna oparta na WordPressie\",\"potentialAction\":[{\"@type\":\"SearchAction\",\"target\":\"https:\/\/starysklep.slodyczezpomyslem.pl\/?s={search_term_string}\",\"query-input\":\"required name=search_term_string\"}],\"inLanguage\":\"en-US\"},{\"@type\":\"WebPage\",\"@id\":\"https:\/\/starysklep.slodyczezpomyslem.pl\/en\/about-us\/data-processing-rules\/#webpage\",\"url\":\"https:\/\/starysklep.slodyczezpomyslem.pl\/en\/about-us\/data-processing-rules\/\",\"name\":\"Data processing rules - S\\u0142odycze reklamowe B&B\",\"isPartOf\":{\"@id\":\"https:\/\/starysklep.slodyczezpomyslem.pl\/#website\"},\"datePublished\":\"2018-06-20T12:18:04+00:00\",\"dateModified\":\"2018-06-20T12:31:39+00:00\",\"description\":\"Data processing rules. Reklama i s\\u0142odycze to nasze dwie pasje. \\u0141\\u0105czymy je w s\\u0142odycze reklamowe, kt\\u00f3re buduj\\u0105 Tw\\u00f3j pozytywny wizerunek. W czym mo\\u017cemy pom\\u00f3c?\",\"breadcrumb\":{\"@id\":\"https:\/\/starysklep.slodyczezpomyslem.pl\/en\/about-us\/data-processing-rules\/#breadcrumb\"},\"inLanguage\":\"en-US\",\"potentialAction\":[{\"@type\":\"ReadAction\",\"target\":[\"https:\/\/starysklep.slodyczezpomyslem.pl\/en\/about-us\/data-processing-rules\/\"]}]},{\"@type\":\"BreadcrumbList\",\"@id\":\"https:\/\/starysklep.slodyczezpomyslem.pl\/en\/about-us\/data-processing-rules\/#breadcrumb\",\"itemListElement\":[{\"@type\":\"ListItem\",\"position\":1,\"item\":{\"@type\":\"WebPage\",\"@id\":\"https:\/\/starysklep.slodyczezpomyslem.pl\/en\/\",\"url\":\"https:\/\/starysklep.slodyczezpomyslem.pl\/en\/\",\"name\":\"Strona g\\u0142\\u00f3wna\"}},{\"@type\":\"ListItem\",\"position\":2,\"item\":{\"@type\":\"WebPage\",\"@id\":\"https:\/\/starysklep.slodyczezpomyslem.pl\/en\/about-us\/\",\"url\":\"https:\/\/starysklep.slodyczezpomyslem.pl\/en\/about-us\/\",\"name\":\"About us\"}},{\"@type\":\"ListItem\",\"position\":3,\"item\":{\"@id\":\"https:\/\/starysklep.slodyczezpomyslem.pl\/en\/about-us\/data-processing-rules\/#webpage\"}}]}]}<\/script>\n<!-- \/ Yoast SEO plugin. -->","_links":{"self":[{"href":"https:\/\/starysklep.slodyczezpomyslem.pl\/en\/wp-json\/wp\/v2\/pages\/5377","targetHints":{"allow":["GET"]}}],"collection":[{"href":"https:\/\/starysklep.slodyczezpomyslem.pl\/en\/wp-json\/wp\/v2\/pages"}],"about":[{"href":"https:\/\/starysklep.slodyczezpomyslem.pl\/en\/wp-json\/wp\/v2\/types\/page"}],"author":[{"embeddable":true,"href":"https:\/\/starysklep.slodyczezpomyslem.pl\/en\/wp-json\/wp\/v2\/users\/5"}],"replies":[{"embeddable":true,"href":"https:\/\/starysklep.slodyczezpomyslem.pl\/en\/wp-json\/wp\/v2\/comments?post=5377"}],"version-history":[{"count":6,"href":"https:\/\/starysklep.slodyczezpomyslem.pl\/en\/wp-json\/wp\/v2\/pages\/5377\/revisions"}],"predecessor-version":[{"id":5384,"href":"https:\/\/starysklep.slodyczezpomyslem.pl\/en\/wp-json\/wp\/v2\/pages\/5377\/revisions\/5384"}],"up":[{"embeddable":true,"href":"https:\/\/starysklep.slodyczezpomyslem.pl\/en\/wp-json\/wp\/v2\/pages\/326"}],"wp:attachment":[{"href":"https:\/\/starysklep.slodyczezpomyslem.pl\/en\/wp-json\/wp\/v2\/media?parent=5377"}],"curies":[{"name":"wp","href":"https:\/\/api.w.org\/{rel}","templated":true}]}}