{"id":10131,"date":"2023-02-06T15:51:45","date_gmt":"2023-02-06T14:51:45","guid":{"rendered":"https:\/\/www.slodyczezpomyslem.pl\/en\/?post_type=product&#038;p=10131"},"modified":"2024-02-08T13:20:15","modified_gmt":"2024-02-08T12:20:15","slug":"fudge-in-chocolate-premium-set-04-10-a","status":"publish","type":"product","link":"https:\/\/starysklep.slodyczezpomyslem.pl\/en\/product\/fudge-in-chocolate-premium-set-04-10-a\/","title":{"rendered":"Fudge in Chocolate Premium Set 04.10 A"},"content":{"rendered":"\n<ul>\n<li>15 chewy, milk fudges covered in delicious, Belgian chocolate wih addition of various sprinkles<\/li>\n<li>2 possible decoration variants:<\/li>\n<\/ul>\n<p>\u00a0\u00a0\u00a0\u00a0\u00a0\u00a0\u00a0\u00a0\u00a0 &#8211; 1) 3 pcs of fudges in milk chocolate 44% cocoa; 3 pcs of fudges in white chocolate decorated with milk\u00a0 chocolate 44% cocoa; 3 pcs of fudges in milk chocolate 44% cocoa with coconut flakes, 3 pcs of fudges in milk\u00a0 chocolate 44% cocoa with sesame, 3 pcs of fudges in dark chocolate decorated with white chocolate<\/p>\n<p>\u00a0\u00a0\u00a0\u00a0\u00a0\u00a0\u00a0\u00a0\u00a0 -2) 3 pcs of fudges in milk chocolate 44% cocoa; 3 pcs of fudges in white chocolate decorated with milk\u00a0 chocolate 44% cocoa; 3 pcs of fudges in milk chocolate 44% cocoa with coconut flakes, 3 pcs of fudges in milk\u00a0 chocolate 44% cocoa with sesame, 3 pcs of fudges in dark chocolate decorated with freeze-dried strawberry<\/p>\n<ul>\n<li>placed on black tray<\/li>\n<li>box with full colour promotional print (CMYK)<\/li>\n<li>also available in boxes made of: black matte cardboard with gold or silver hot-stamping; gold or silver metallized cardboard with embossment<\/li>\n<\/ul>\n","protected":false},"excerpt":{"rendered":"<p>15 chewy, milk fudges covered in delicious, Belgian chocolate wih addition of various sprinkles 2 possible decoration variants: \u00a0\u00a0\u00a0\u00a0\u00a0\u00a0\u00a0\u00a0\u00a0 &#8211; 1) 3 pcs of fudges in milk chocolate 44% cocoa; 3 pcs of fudges in white chocolate decorated with milk\u00a0 chocolate 44% cocoa; 3 pcs of fudges in milk chocolate 44% cocoa with coconut flakes, [&hellip;]<\/p>\n","protected":false},"featured_media":11251,"comment_status":"open","ping_status":"closed","template":"","meta":[],"class_list":{"0":"post-10131","1":"product","2":"type-product","3":"status-publish","4":"has-post-thumbnail","6":"product_cat-products-en","7":"product_cat-easter","8":"product_cat-small-chocolates-in-sets","9":"pa_ilosc-czekoladek-w-zestawie-15-pcs-2","10":"pa_minimalne-zamowienie-50-pcs-en-3","11":"pa_termin-przydatnosci-3-months","12":"pa_waga-netto-brutto-ca-228-265-g","13":"pa_wymiary-opakowania-142x160x20-mm","15":"first","16":"instock","17":"shipping-taxable","18":"product-type-simple"},"yoast_head":"<!-- This site is optimized with the Yoast SEO plugin v16.2 - https:\/\/yoast.com\/wordpress\/plugins\/seo\/ -->\n<title>Fudge in Chocolate Premium Set 04.10 A - S\u0142odycze reklamowe B&amp;B<\/title>\n<meta name=\"description\" content=\"Fudge in Chocolate Premium Set 04.10 A. Reklama i s\u0142odycze to nasze dwie pasje. \u0141\u0105czymy je w s\u0142odycze reklamowe, kt\u00f3re buduj\u0105 Tw\u00f3j pozytywny wizerunek. W czym mo\u017cemy pom\u00f3c?\" \/>\n<meta name=\"robots\" content=\"noindex, follow, max-snippet:-1, max-image-preview:large, max-video-preview:-1\" \/>\n<meta property=\"og:locale\" content=\"en_US\" \/>\n<meta property=\"og:type\" content=\"article\" \/>\n<meta property=\"og:title\" content=\"Fudge in Chocolate Premium Set 04.10 A - S\u0142odycze reklamowe B&amp;B\" \/>\n<meta property=\"og:description\" content=\"Fudge in Chocolate Premium Set 04.10 A. Reklama i s\u0142odycze to nasze dwie pasje. \u0141\u0105czymy je w s\u0142odycze reklamowe, kt\u00f3re buduj\u0105 Tw\u00f3j pozytywny wizerunek. W czym mo\u017cemy pom\u00f3c?\" \/>\n<meta property=\"og:url\" content=\"https:\/\/starysklep.slodyczezpomyslem.pl\/en\/product\/fudge-in-chocolate-premium-set-04-10-a\/\" \/>\n<meta property=\"og:site_name\" content=\"slodycze-reklamowe.pl\" \/>\n<meta property=\"article:modified_time\" content=\"2024-02-08T12:20:15+00:00\" \/>\n<meta property=\"og:image\" content=\"https:\/\/starysklep.slodyczezpomyslem.pl\/wp-content\/uploads\/2023\/01\/2024_04.10A_3.jpg\" \/>\n\t<meta property=\"og:image:width\" content=\"1200\" \/>\n\t<meta property=\"og:image:height\" content=\"900\" \/>\n<meta name=\"twitter:card\" content=\"summary\" \/>\n<meta name=\"twitter:label1\" content=\"Est. reading time\">\n\t<meta name=\"twitter:data1\" content=\"1 minute\">\n<script type=\"application\/ld+json\" class=\"yoast-schema-graph\">{\"@context\":\"https:\/\/schema.org\",\"@graph\":[{\"@type\":\"WebSite\",\"@id\":\"https:\/\/starysklep.slodyczezpomyslem.pl\/#website\",\"url\":\"https:\/\/starysklep.slodyczezpomyslem.pl\/\",\"name\":\"slodycze-reklamowe.pl\",\"description\":\"Kolejna witryna oparta na WordPressie\",\"potentialAction\":[{\"@type\":\"SearchAction\",\"target\":\"https:\/\/starysklep.slodyczezpomyslem.pl\/?s={search_term_string}\",\"query-input\":\"required name=search_term_string\"}],\"inLanguage\":\"en-US\"},{\"@type\":\"ImageObject\",\"@id\":\"https:\/\/starysklep.slodyczezpomyslem.pl\/en\/product\/fudge-in-chocolate-premium-set-04-10-a\/#primaryimage\",\"inLanguage\":\"en-US\",\"url\":\"https:\/\/starysklep.slodyczezpomyslem.pl\/wp-content\/uploads\/2023\/01\/2024_04.10A_3.jpg\",\"contentUrl\":\"https:\/\/starysklep.slodyczezpomyslem.pl\/wp-content\/uploads\/2023\/01\/2024_04.10A_3.jpg\",\"width\":1200,\"height\":900},{\"@type\":\"WebPage\",\"@id\":\"https:\/\/starysklep.slodyczezpomyslem.pl\/en\/product\/fudge-in-chocolate-premium-set-04-10-a\/#webpage\",\"url\":\"https:\/\/starysklep.slodyczezpomyslem.pl\/en\/product\/fudge-in-chocolate-premium-set-04-10-a\/\",\"name\":\"Fudge in Chocolate Premium Set 04.10 A - S\\u0142odycze reklamowe B&B\",\"isPartOf\":{\"@id\":\"https:\/\/starysklep.slodyczezpomyslem.pl\/#website\"},\"primaryImageOfPage\":{\"@id\":\"https:\/\/starysklep.slodyczezpomyslem.pl\/en\/product\/fudge-in-chocolate-premium-set-04-10-a\/#primaryimage\"},\"datePublished\":\"2023-02-06T14:51:45+00:00\",\"dateModified\":\"2024-02-08T12:20:15+00:00\",\"description\":\"Fudge in Chocolate Premium Set 04.10 A. Reklama i s\\u0142odycze to nasze dwie pasje. \\u0141\\u0105czymy je w s\\u0142odycze reklamowe, kt\\u00f3re buduj\\u0105 Tw\\u00f3j pozytywny wizerunek. W czym mo\\u017cemy pom\\u00f3c?\",\"breadcrumb\":{\"@id\":\"https:\/\/starysklep.slodyczezpomyslem.pl\/en\/product\/fudge-in-chocolate-premium-set-04-10-a\/#breadcrumb\"},\"inLanguage\":\"en-US\",\"potentialAction\":[{\"@type\":\"ReadAction\",\"target\":[\"https:\/\/starysklep.slodyczezpomyslem.pl\/en\/product\/fudge-in-chocolate-premium-set-04-10-a\/\"]}]},{\"@type\":\"BreadcrumbList\",\"@id\":\"https:\/\/starysklep.slodyczezpomyslem.pl\/en\/product\/fudge-in-chocolate-premium-set-04-10-a\/#breadcrumb\",\"itemListElement\":[{\"@type\":\"ListItem\",\"position\":1,\"item\":{\"@type\":\"WebPage\",\"@id\":\"https:\/\/starysklep.slodyczezpomyslem.pl\/en\/\",\"url\":\"https:\/\/starysklep.slodyczezpomyslem.pl\/en\/\",\"name\":\"Strona g\\u0142\\u00f3wna\"}},{\"@type\":\"ListItem\",\"position\":2,\"item\":{\"@type\":\"WebPage\",\"@id\":\"https:\/\/starysklep.slodyczezpomyslem.pl\/en\/offer\/\",\"url\":\"https:\/\/starysklep.slodyczezpomyslem.pl\/en\/offer\/\",\"name\":\"Offer\"}},{\"@type\":\"ListItem\",\"position\":3,\"item\":{\"@id\":\"https:\/\/starysklep.slodyczezpomyslem.pl\/en\/product\/fudge-in-chocolate-premium-set-04-10-a\/#webpage\"}}]}]}<\/script>\n<!-- \/ Yoast SEO plugin. -->","_links":{"self":[{"href":"https:\/\/starysklep.slodyczezpomyslem.pl\/en\/wp-json\/wp\/v2\/product\/10131","targetHints":{"allow":["GET"]}}],"collection":[{"href":"https:\/\/starysklep.slodyczezpomyslem.pl\/en\/wp-json\/wp\/v2\/product"}],"about":[{"href":"https:\/\/starysklep.slodyczezpomyslem.pl\/en\/wp-json\/wp\/v2\/types\/product"}],"replies":[{"embeddable":true,"href":"https:\/\/starysklep.slodyczezpomyslem.pl\/en\/wp-json\/wp\/v2\/comments?post=10131"}],"wp:featuredmedia":[{"embeddable":true,"href":"https:\/\/starysklep.slodyczezpomyslem.pl\/en\/wp-json\/wp\/v2\/media\/11251"}],"wp:attachment":[{"href":"https:\/\/starysklep.slodyczezpomyslem.pl\/en\/wp-json\/wp\/v2\/media?parent=10131"}],"curies":[{"name":"wp","href":"https:\/\/api.w.org\/{rel}","templated":true}]}}