{"id":10553,"date":"2023-09-10T10:40:01","date_gmt":"2023-09-10T08:40:01","guid":{"rendered":"https:\/\/www.slodyczezpomyslem.pl\/en\/?post_type=product&#038;p=10553"},"modified":"2025-06-17T15:46:50","modified_gmt":"2025-06-17T13:46:50","slug":"fairytale-chocolate-100g-06-07","status":"publish","type":"product","link":"https:\/\/starysklep.slodyczezpomyslem.pl\/en\/product\/fairytale-chocolate-100g-06-07\/","title":{"rendered":"Fairytale Chocolate 100g 06.07"},"content":{"rendered":"\n<ul>\n<li>excellent hand-made Belgian chocolate with decoration<\/li>\n<li>mix of milk (44% cocoa) and white chocolate with freeze-dried fig, hazelnuts and crushed pistachios<\/li>\n<li>packed in clear foil bags<\/li>\n<li>kraft cardboard box with a see-through window and standard print<\/li>\n<li>paper wrapper with full colour promotional print &#8211; CMYK<\/li>\n<\/ul>\n","protected":false},"excerpt":{"rendered":"<p>excellent hand-made Belgian chocolate with decoration mix of milk (44% cocoa) and white chocolate with freeze-dried fig, hazelnuts and crushed pistachios packed in clear foil bags kraft cardboard box with a see-through window and standard print paper wrapper with full colour promotional print &#8211; CMYK<\/p>\n","protected":false},"featured_media":11556,"comment_status":"open","ping_status":"closed","template":"","meta":[],"class_list":{"0":"post-10553","1":"product","2":"type-product","3":"status-publish","4":"has-post-thumbnail","6":"product_cat-products-en","7":"product_cat-large-chocolates","8":"product_cat-christmas","9":"product_cat-chocolates","10":"pa_box-size-161x80x15-mm","11":"pa_minimalne-zamowienie-50-pcs-en-3","12":"pa_okres-przydatnosci-3-months","13":"pa_waga-netto-brutto-100-110-g","14":"pa_wymiary-czekolady-149x70x10-mm","16":"first","17":"instock","18":"shipping-taxable","19":"product-type-simple"},"yoast_head":"<!-- This site is optimized with the Yoast SEO plugin v16.2 - https:\/\/yoast.com\/wordpress\/plugins\/seo\/ -->\n<title>Fairytale Chocolate 100g 06.07 - S\u0142odycze reklamowe B&amp;B<\/title>\n<meta name=\"description\" content=\"Fairytale Chocolate 100g 06.07. Reklama i s\u0142odycze to nasze dwie pasje. \u0141\u0105czymy je w s\u0142odycze reklamowe, kt\u00f3re buduj\u0105 Tw\u00f3j pozytywny wizerunek. W czym mo\u017cemy pom\u00f3c?\" \/>\n<meta name=\"robots\" content=\"noindex, follow, max-snippet:-1, max-image-preview:large, max-video-preview:-1\" \/>\n<meta property=\"og:locale\" content=\"en_US\" \/>\n<meta property=\"og:type\" content=\"article\" \/>\n<meta property=\"og:title\" content=\"Fairytale Chocolate 100g 06.07 - S\u0142odycze reklamowe B&amp;B\" \/>\n<meta property=\"og:description\" content=\"Fairytale Chocolate 100g 06.07. Reklama i s\u0142odycze to nasze dwie pasje. \u0141\u0105czymy je w s\u0142odycze reklamowe, kt\u00f3re buduj\u0105 Tw\u00f3j pozytywny wizerunek. W czym mo\u017cemy pom\u00f3c?\" \/>\n<meta property=\"og:url\" content=\"https:\/\/starysklep.slodyczezpomyslem.pl\/en\/product\/fairytale-chocolate-100g-06-07\/\" \/>\n<meta property=\"og:site_name\" content=\"slodycze-reklamowe.pl\" \/>\n<meta property=\"article:modified_time\" content=\"2025-06-17T13:46:50+00:00\" \/>\n<meta property=\"og:image\" content=\"https:\/\/starysklep.slodyczezpomyslem.pl\/wp-content\/uploads\/2023\/09\/06.07_2024-2.jpg\" \/>\n\t<meta property=\"og:image:width\" content=\"1200\" \/>\n\t<meta property=\"og:image:height\" content=\"940\" \/>\n<meta name=\"twitter:card\" content=\"summary\" \/>\n<meta name=\"twitter:label1\" content=\"Est. reading time\">\n\t<meta name=\"twitter:data1\" content=\"1 minute\">\n<script type=\"application\/ld+json\" class=\"yoast-schema-graph\">{\"@context\":\"https:\/\/schema.org\",\"@graph\":[{\"@type\":\"WebSite\",\"@id\":\"https:\/\/starysklep.slodyczezpomyslem.pl\/#website\",\"url\":\"https:\/\/starysklep.slodyczezpomyslem.pl\/\",\"name\":\"slodycze-reklamowe.pl\",\"description\":\"Kolejna witryna oparta na WordPressie\",\"potentialAction\":[{\"@type\":\"SearchAction\",\"target\":\"https:\/\/starysklep.slodyczezpomyslem.pl\/?s={search_term_string}\",\"query-input\":\"required name=search_term_string\"}],\"inLanguage\":\"en-US\"},{\"@type\":\"ImageObject\",\"@id\":\"https:\/\/starysklep.slodyczezpomyslem.pl\/en\/product\/fairytale-chocolate-100g-06-07\/#primaryimage\",\"inLanguage\":\"en-US\",\"url\":\"https:\/\/starysklep.slodyczezpomyslem.pl\/wp-content\/uploads\/2023\/09\/06.07_2024-2.jpg\",\"contentUrl\":\"https:\/\/starysklep.slodyczezpomyslem.pl\/wp-content\/uploads\/2023\/09\/06.07_2024-2.jpg\",\"width\":1200,\"height\":940},{\"@type\":\"WebPage\",\"@id\":\"https:\/\/starysklep.slodyczezpomyslem.pl\/en\/product\/fairytale-chocolate-100g-06-07\/#webpage\",\"url\":\"https:\/\/starysklep.slodyczezpomyslem.pl\/en\/product\/fairytale-chocolate-100g-06-07\/\",\"name\":\"Fairytale Chocolate 100g 06.07 - S\\u0142odycze reklamowe B&B\",\"isPartOf\":{\"@id\":\"https:\/\/starysklep.slodyczezpomyslem.pl\/#website\"},\"primaryImageOfPage\":{\"@id\":\"https:\/\/starysklep.slodyczezpomyslem.pl\/en\/product\/fairytale-chocolate-100g-06-07\/#primaryimage\"},\"datePublished\":\"2023-09-10T08:40:01+00:00\",\"dateModified\":\"2025-06-17T13:46:50+00:00\",\"description\":\"Fairytale Chocolate 100g 06.07. Reklama i s\\u0142odycze to nasze dwie pasje. \\u0141\\u0105czymy je w s\\u0142odycze reklamowe, kt\\u00f3re buduj\\u0105 Tw\\u00f3j pozytywny wizerunek. W czym mo\\u017cemy pom\\u00f3c?\",\"breadcrumb\":{\"@id\":\"https:\/\/starysklep.slodyczezpomyslem.pl\/en\/product\/fairytale-chocolate-100g-06-07\/#breadcrumb\"},\"inLanguage\":\"en-US\",\"potentialAction\":[{\"@type\":\"ReadAction\",\"target\":[\"https:\/\/starysklep.slodyczezpomyslem.pl\/en\/product\/fairytale-chocolate-100g-06-07\/\"]}]},{\"@type\":\"BreadcrumbList\",\"@id\":\"https:\/\/starysklep.slodyczezpomyslem.pl\/en\/product\/fairytale-chocolate-100g-06-07\/#breadcrumb\",\"itemListElement\":[{\"@type\":\"ListItem\",\"position\":1,\"item\":{\"@type\":\"WebPage\",\"@id\":\"https:\/\/starysklep.slodyczezpomyslem.pl\/en\/\",\"url\":\"https:\/\/starysklep.slodyczezpomyslem.pl\/en\/\",\"name\":\"Strona g\\u0142\\u00f3wna\"}},{\"@type\":\"ListItem\",\"position\":2,\"item\":{\"@type\":\"WebPage\",\"@id\":\"https:\/\/starysklep.slodyczezpomyslem.pl\/en\/offer\/\",\"url\":\"https:\/\/starysklep.slodyczezpomyslem.pl\/en\/offer\/\",\"name\":\"Offer\"}},{\"@type\":\"ListItem\",\"position\":3,\"item\":{\"@id\":\"https:\/\/starysklep.slodyczezpomyslem.pl\/en\/product\/fairytale-chocolate-100g-06-07\/#webpage\"}}]}]}<\/script>\n<!-- \/ Yoast SEO plugin. -->","_links":{"self":[{"href":"https:\/\/starysklep.slodyczezpomyslem.pl\/en\/wp-json\/wp\/v2\/product\/10553","targetHints":{"allow":["GET"]}}],"collection":[{"href":"https:\/\/starysklep.slodyczezpomyslem.pl\/en\/wp-json\/wp\/v2\/product"}],"about":[{"href":"https:\/\/starysklep.slodyczezpomyslem.pl\/en\/wp-json\/wp\/v2\/types\/product"}],"replies":[{"embeddable":true,"href":"https:\/\/starysklep.slodyczezpomyslem.pl\/en\/wp-json\/wp\/v2\/comments?post=10553"}],"wp:featuredmedia":[{"embeddable":true,"href":"https:\/\/starysklep.slodyczezpomyslem.pl\/en\/wp-json\/wp\/v2\/media\/11556"}],"wp:attachment":[{"href":"https:\/\/starysklep.slodyczezpomyslem.pl\/en\/wp-json\/wp\/v2\/media?parent=10553"}],"curies":[{"name":"wp","href":"https:\/\/api.w.org\/{rel}","templated":true}]}}