{"id":11336,"date":"2024-02-13T08:53:04","date_gmt":"2024-02-13T07:53:04","guid":{"rendered":"https:\/\/www.slodyczezpomyslem.pl\/en\/?post_type=product&#038;p=11336"},"modified":"2024-06-05T13:37:24","modified_gmt":"2024-06-05T11:37:24","slug":"midi-brick-04-29","status":"publish","type":"product","link":"https:\/\/starysklep.slodyczezpomyslem.pl\/en\/product\/midi-brick-04-29\/","title":{"rendered":"Midi Brick 04.29"},"content":{"rendered":"\n<p><strong>5 chocolates with delicate alcoholized cream filling wrapped in gold laminate and paper labels with promotional print.<\/strong><\/p>\n<ul>\n<li>available filling flavours: pistacchio, chocolate or mix of flavours<\/li>\n<li>two-piece brick-shaped cardboard box made of gold or silver cardboard with logos, graphics and texts embossed directly into the box<\/li>\n<li>also available in box made of white cardboard with promotional print- CMYK<\/li>\n<li>box tied with a bow in one of several available colours<\/li>\n<\/ul>\n","protected":false},"excerpt":{"rendered":"<p>5 chocolates with delicate alcoholized cream filling wrapped in gold laminate and paper labels with promotional print. available filling flavours: pistacchio, chocolate or mix of flavours two-piece brick-shaped cardboard box made of gold or silver cardboard with logos, graphics and texts embossed directly into the box also available in box made of white cardboard with [&hellip;]<\/p>\n","protected":false},"featured_media":11324,"comment_status":"open","ping_status":"closed","template":"","meta":[],"class_list":{"0":"post-11336","1":"product","2":"type-product","3":"status-publish","4":"has-post-thumbnail","6":"product_cat-products-en","7":"product_cat-small-chocolates-in-sets","8":"pa_minimalne-zamowienie-50-pcs-en-3","9":"pa_termin-przydatnosci-6-months","10":"pa_waga-netto-brutto-85-120g","11":"pa_wymiary-czekolady-34x34x15mm","12":"pa_wymiary-pudelka-200x67x35mm","14":"first","15":"instock","16":"shipping-taxable","17":"product-type-simple"},"yoast_head":"<!-- This site is optimized with the Yoast SEO plugin v16.2 - https:\/\/yoast.com\/wordpress\/plugins\/seo\/ -->\n<title>Midi Brick 04.29 - S\u0142odycze reklamowe B&amp;B<\/title>\n<meta name=\"description\" content=\"Midi Brick 04.29. Reklama i s\u0142odycze to nasze dwie pasje. \u0141\u0105czymy je w s\u0142odycze reklamowe, kt\u00f3re buduj\u0105 Tw\u00f3j pozytywny wizerunek. W czym mo\u017cemy pom\u00f3c?\" \/>\n<meta name=\"robots\" content=\"noindex, follow, max-snippet:-1, max-image-preview:large, max-video-preview:-1\" \/>\n<meta property=\"og:locale\" content=\"en_US\" \/>\n<meta property=\"og:type\" content=\"article\" \/>\n<meta property=\"og:title\" content=\"Midi Brick 04.29 - S\u0142odycze reklamowe B&amp;B\" \/>\n<meta property=\"og:description\" content=\"Midi Brick 04.29. Reklama i s\u0142odycze to nasze dwie pasje. \u0141\u0105czymy je w s\u0142odycze reklamowe, kt\u00f3re buduj\u0105 Tw\u00f3j pozytywny wizerunek. W czym mo\u017cemy pom\u00f3c?\" \/>\n<meta property=\"og:url\" content=\"https:\/\/starysklep.slodyczezpomyslem.pl\/en\/product\/midi-brick-04-29\/\" \/>\n<meta property=\"og:site_name\" content=\"slodycze-reklamowe.pl\" \/>\n<meta property=\"article:modified_time\" content=\"2024-06-05T11:37:24+00:00\" \/>\n<meta property=\"og:image\" content=\"https:\/\/starysklep.slodyczezpomyslem.pl\/wp-content\/uploads\/2024\/02\/sztabka01-1.jpg\" \/>\n\t<meta property=\"og:image:width\" content=\"1200\" \/>\n\t<meta property=\"og:image:height\" content=\"900\" \/>\n<meta name=\"twitter:card\" content=\"summary\" \/>\n<meta name=\"twitter:label1\" content=\"Est. reading time\">\n\t<meta name=\"twitter:data1\" content=\"1 minute\">\n<script type=\"application\/ld+json\" class=\"yoast-schema-graph\">{\"@context\":\"https:\/\/schema.org\",\"@graph\":[{\"@type\":\"WebSite\",\"@id\":\"https:\/\/starysklep.slodyczezpomyslem.pl\/#website\",\"url\":\"https:\/\/starysklep.slodyczezpomyslem.pl\/\",\"name\":\"slodycze-reklamowe.pl\",\"description\":\"Kolejna witryna oparta na WordPressie\",\"potentialAction\":[{\"@type\":\"SearchAction\",\"target\":\"https:\/\/starysklep.slodyczezpomyslem.pl\/?s={search_term_string}\",\"query-input\":\"required name=search_term_string\"}],\"inLanguage\":\"en-US\"},{\"@type\":\"ImageObject\",\"@id\":\"https:\/\/starysklep.slodyczezpomyslem.pl\/en\/product\/midi-brick-04-29\/#primaryimage\",\"inLanguage\":\"en-US\",\"url\":\"https:\/\/starysklep.slodyczezpomyslem.pl\/wp-content\/uploads\/2024\/02\/sztabka01-1.jpg\",\"contentUrl\":\"https:\/\/starysklep.slodyczezpomyslem.pl\/wp-content\/uploads\/2024\/02\/sztabka01-1.jpg\",\"width\":1200,\"height\":900,\"caption\":\"sztabka midi\"},{\"@type\":\"WebPage\",\"@id\":\"https:\/\/starysklep.slodyczezpomyslem.pl\/en\/product\/midi-brick-04-29\/#webpage\",\"url\":\"https:\/\/starysklep.slodyczezpomyslem.pl\/en\/product\/midi-brick-04-29\/\",\"name\":\"Midi Brick 04.29 - S\\u0142odycze reklamowe B&B\",\"isPartOf\":{\"@id\":\"https:\/\/starysklep.slodyczezpomyslem.pl\/#website\"},\"primaryImageOfPage\":{\"@id\":\"https:\/\/starysklep.slodyczezpomyslem.pl\/en\/product\/midi-brick-04-29\/#primaryimage\"},\"datePublished\":\"2024-02-13T07:53:04+00:00\",\"dateModified\":\"2024-06-05T11:37:24+00:00\",\"description\":\"Midi Brick 04.29. Reklama i s\\u0142odycze to nasze dwie pasje. \\u0141\\u0105czymy je w s\\u0142odycze reklamowe, kt\\u00f3re buduj\\u0105 Tw\\u00f3j pozytywny wizerunek. W czym mo\\u017cemy pom\\u00f3c?\",\"breadcrumb\":{\"@id\":\"https:\/\/starysklep.slodyczezpomyslem.pl\/en\/product\/midi-brick-04-29\/#breadcrumb\"},\"inLanguage\":\"en-US\",\"potentialAction\":[{\"@type\":\"ReadAction\",\"target\":[\"https:\/\/starysklep.slodyczezpomyslem.pl\/en\/product\/midi-brick-04-29\/\"]}]},{\"@type\":\"BreadcrumbList\",\"@id\":\"https:\/\/starysklep.slodyczezpomyslem.pl\/en\/product\/midi-brick-04-29\/#breadcrumb\",\"itemListElement\":[{\"@type\":\"ListItem\",\"position\":1,\"item\":{\"@type\":\"WebPage\",\"@id\":\"https:\/\/starysklep.slodyczezpomyslem.pl\/en\/\",\"url\":\"https:\/\/starysklep.slodyczezpomyslem.pl\/en\/\",\"name\":\"Strona g\\u0142\\u00f3wna\"}},{\"@type\":\"ListItem\",\"position\":2,\"item\":{\"@type\":\"WebPage\",\"@id\":\"https:\/\/starysklep.slodyczezpomyslem.pl\/en\/offer\/\",\"url\":\"https:\/\/starysklep.slodyczezpomyslem.pl\/en\/offer\/\",\"name\":\"Offer\"}},{\"@type\":\"ListItem\",\"position\":3,\"item\":{\"@id\":\"https:\/\/starysklep.slodyczezpomyslem.pl\/en\/product\/midi-brick-04-29\/#webpage\"}}]}]}<\/script>\n<!-- \/ Yoast SEO plugin. -->","_links":{"self":[{"href":"https:\/\/starysklep.slodyczezpomyslem.pl\/en\/wp-json\/wp\/v2\/product\/11336","targetHints":{"allow":["GET"]}}],"collection":[{"href":"https:\/\/starysklep.slodyczezpomyslem.pl\/en\/wp-json\/wp\/v2\/product"}],"about":[{"href":"https:\/\/starysklep.slodyczezpomyslem.pl\/en\/wp-json\/wp\/v2\/types\/product"}],"replies":[{"embeddable":true,"href":"https:\/\/starysklep.slodyczezpomyslem.pl\/en\/wp-json\/wp\/v2\/comments?post=11336"}],"wp:featuredmedia":[{"embeddable":true,"href":"https:\/\/starysklep.slodyczezpomyslem.pl\/en\/wp-json\/wp\/v2\/media\/11324"}],"wp:attachment":[{"href":"https:\/\/starysklep.slodyczezpomyslem.pl\/en\/wp-json\/wp\/v2\/media?parent=11336"}],"curies":[{"name":"wp","href":"https:\/\/api.w.org\/{rel}","templated":true}]}}