{"id":2314,"date":"2017-02-06T14:11:01","date_gmt":"2017-02-06T13:11:01","guid":{"rendered":"http:\/\/www.slodyczezpomyslem.pl\/en\/product\/mini-credit-card-chocolates\/"},"modified":"2020-07-01T10:31:34","modified_gmt":"2020-07-01T08:31:34","slug":"mini-credit-card-chocolates","status":"publish","type":"product","link":"https:\/\/starysklep.slodyczezpomyslem.pl\/en\/product\/mini-credit-card-chocolates\/","title":{"rendered":"Mini Credit Card Chocolates 02.16"},"content":{"rendered":"<p><strong>Small chocolates made of high-quality Belgian chocolate (44% cocoa intake)<\/strong><\/p>\n<ul>\n<li>wrapped in gold or silver foil<\/li>\n<li>packed in envelope-shaped cardboard boxes<\/li>\n<li>logos and motives are embossed directly on the box<\/li>\n<li>simple logos and graphics can also be embossed directly on the chocolate&#8217;s surface<\/li>\n<li>also available in white carboard boxes with promotional print and as smooth (no embossment applied) universal chocolates<\/li>\n<li>other types of chocolate: milk 33%, dessert 55% and white (after inquiry)<\/li>\n<\/ul>\n","protected":false},"excerpt":{"rendered":"<p>Small chocolates made of high-quality Belgian chocolate (44% cocoa intake) wrapped in gold or silver foil packed in envelope-shaped cardboard boxes logos and motives are embossed directly on the box simple logos and graphics can also be embossed directly on the chocolate&#8217;s surface also available in white carboard boxes with promotional print and as smooth [&hellip;]<\/p>\n","protected":false},"featured_media":618,"comment_status":"open","ping_status":"closed","template":"","meta":[],"class_list":{"0":"post-2314","1":"product","2":"type-product","3":"status-publish","4":"has-post-thumbnail","6":"product_cat-products-en","7":"product_cat-small-chocolates","8":"pa_minimalne-zamowienie-500-pcs-digital-print-embossing-1000-pcs-offset-print","9":"pa_okres-przydatnosci-6-months","10":"pa_opakowanie-zbiorcze-340x183x170-mm-en","11":"pa_opk-500-pcs","12":"pa_wymiary-produktu-60x38x5-mm-en","13":"pa_wymiary-pudeleczka-63x51x6-mm-en","15":"first","16":"instock","17":"shipping-taxable","18":"product-type-simple"},"yoast_head":"<!-- This site is optimized with the Yoast SEO plugin v16.2 - https:\/\/yoast.com\/wordpress\/plugins\/seo\/ -->\n<title>Mini Credit Card Chocolates 02.16 - S\u0142odycze reklamowe B&amp;B<\/title>\n<meta name=\"description\" content=\"Mini Credit Card Chocolates 02.16. Reklama i s\u0142odycze to nasze dwie pasje. \u0141\u0105czymy je w s\u0142odycze reklamowe, kt\u00f3re buduj\u0105 Tw\u00f3j pozytywny wizerunek. W czym mo\u017cemy pom\u00f3c?\" \/>\n<meta name=\"robots\" content=\"noindex, follow, max-snippet:-1, max-image-preview:large, max-video-preview:-1\" \/>\n<meta property=\"og:locale\" content=\"en_US\" \/>\n<meta property=\"og:type\" content=\"article\" \/>\n<meta property=\"og:title\" content=\"Mini Credit Card Chocolates 02.16 - S\u0142odycze reklamowe B&amp;B\" \/>\n<meta property=\"og:description\" content=\"Mini Credit Card Chocolates 02.16. Reklama i s\u0142odycze to nasze dwie pasje. \u0141\u0105czymy je w s\u0142odycze reklamowe, kt\u00f3re buduj\u0105 Tw\u00f3j pozytywny wizerunek. W czym mo\u017cemy pom\u00f3c?\" \/>\n<meta property=\"og:url\" content=\"https:\/\/starysklep.slodyczezpomyslem.pl\/en\/product\/mini-credit-card-chocolates\/\" \/>\n<meta property=\"og:site_name\" content=\"slodycze-reklamowe.pl\" \/>\n<meta property=\"article:modified_time\" content=\"2020-07-01T08:31:34+00:00\" \/>\n<meta property=\"og:image\" content=\"https:\/\/starysklep.slodyczezpomyslem.pl\/wp-content\/uploads\/2017\/02\/02.16-zdj\u0119cie.jpg\" \/>\n\t<meta property=\"og:image:width\" content=\"800\" \/>\n\t<meta property=\"og:image:height\" content=\"600\" \/>\n<meta name=\"twitter:card\" content=\"summary\" \/>\n<script type=\"application\/ld+json\" class=\"yoast-schema-graph\">{\"@context\":\"https:\/\/schema.org\",\"@graph\":[{\"@type\":\"WebSite\",\"@id\":\"https:\/\/starysklep.slodyczezpomyslem.pl\/#website\",\"url\":\"https:\/\/starysklep.slodyczezpomyslem.pl\/\",\"name\":\"slodycze-reklamowe.pl\",\"description\":\"Kolejna witryna oparta na WordPressie\",\"potentialAction\":[{\"@type\":\"SearchAction\",\"target\":\"https:\/\/starysklep.slodyczezpomyslem.pl\/?s={search_term_string}\",\"query-input\":\"required name=search_term_string\"}],\"inLanguage\":\"en-US\"},{\"@type\":\"ImageObject\",\"@id\":\"https:\/\/starysklep.slodyczezpomyslem.pl\/en\/product\/mini-credit-card-chocolates\/#primaryimage\",\"inLanguage\":\"en-US\",\"url\":\"https:\/\/starysklep.slodyczezpomyslem.pl\/wp-content\/uploads\/2017\/02\/02.16-zdj\\u0119cie.jpg\",\"contentUrl\":\"https:\/\/starysklep.slodyczezpomyslem.pl\/wp-content\/uploads\/2017\/02\/02.16-zdj\\u0119cie.jpg\",\"width\":800,\"height\":600},{\"@type\":\"WebPage\",\"@id\":\"https:\/\/starysklep.slodyczezpomyslem.pl\/en\/product\/mini-credit-card-chocolates\/#webpage\",\"url\":\"https:\/\/starysklep.slodyczezpomyslem.pl\/en\/product\/mini-credit-card-chocolates\/\",\"name\":\"Mini Credit Card Chocolates 02.16 - S\\u0142odycze reklamowe B&B\",\"isPartOf\":{\"@id\":\"https:\/\/starysklep.slodyczezpomyslem.pl\/#website\"},\"primaryImageOfPage\":{\"@id\":\"https:\/\/starysklep.slodyczezpomyslem.pl\/en\/product\/mini-credit-card-chocolates\/#primaryimage\"},\"datePublished\":\"2017-02-06T13:11:01+00:00\",\"dateModified\":\"2020-07-01T08:31:34+00:00\",\"description\":\"Mini Credit Card Chocolates 02.16. Reklama i s\\u0142odycze to nasze dwie pasje. \\u0141\\u0105czymy je w s\\u0142odycze reklamowe, kt\\u00f3re buduj\\u0105 Tw\\u00f3j pozytywny wizerunek. W czym mo\\u017cemy pom\\u00f3c?\",\"breadcrumb\":{\"@id\":\"https:\/\/starysklep.slodyczezpomyslem.pl\/en\/product\/mini-credit-card-chocolates\/#breadcrumb\"},\"inLanguage\":\"en-US\",\"potentialAction\":[{\"@type\":\"ReadAction\",\"target\":[\"https:\/\/starysklep.slodyczezpomyslem.pl\/en\/product\/mini-credit-card-chocolates\/\"]}]},{\"@type\":\"BreadcrumbList\",\"@id\":\"https:\/\/starysklep.slodyczezpomyslem.pl\/en\/product\/mini-credit-card-chocolates\/#breadcrumb\",\"itemListElement\":[{\"@type\":\"ListItem\",\"position\":1,\"item\":{\"@type\":\"WebPage\",\"@id\":\"https:\/\/starysklep.slodyczezpomyslem.pl\/en\/\",\"url\":\"https:\/\/starysklep.slodyczezpomyslem.pl\/en\/\",\"name\":\"Strona g\\u0142\\u00f3wna\"}},{\"@type\":\"ListItem\",\"position\":2,\"item\":{\"@type\":\"WebPage\",\"@id\":\"https:\/\/starysklep.slodyczezpomyslem.pl\/en\/offer\/\",\"url\":\"https:\/\/starysklep.slodyczezpomyslem.pl\/en\/offer\/\",\"name\":\"Offer\"}},{\"@type\":\"ListItem\",\"position\":3,\"item\":{\"@id\":\"https:\/\/starysklep.slodyczezpomyslem.pl\/en\/product\/mini-credit-card-chocolates\/#webpage\"}}]}]}<\/script>\n<!-- \/ Yoast SEO plugin. -->","_links":{"self":[{"href":"https:\/\/starysklep.slodyczezpomyslem.pl\/en\/wp-json\/wp\/v2\/product\/2314","targetHints":{"allow":["GET"]}}],"collection":[{"href":"https:\/\/starysklep.slodyczezpomyslem.pl\/en\/wp-json\/wp\/v2\/product"}],"about":[{"href":"https:\/\/starysklep.slodyczezpomyslem.pl\/en\/wp-json\/wp\/v2\/types\/product"}],"replies":[{"embeddable":true,"href":"https:\/\/starysklep.slodyczezpomyslem.pl\/en\/wp-json\/wp\/v2\/comments?post=2314"}],"wp:featuredmedia":[{"embeddable":true,"href":"https:\/\/starysklep.slodyczezpomyslem.pl\/en\/wp-json\/wp\/v2\/media\/618"}],"wp:attachment":[{"href":"https:\/\/starysklep.slodyczezpomyslem.pl\/en\/wp-json\/wp\/v2\/media?parent=2314"}],"curies":[{"name":"wp","href":"https:\/\/api.w.org\/{rel}","templated":true}]}}