{"id":2369,"date":"2017-03-07T14:51:40","date_gmt":"2017-03-07T13:51:40","guid":{"rendered":"http:\/\/www.slodyczezpomyslem.pl\/en\/product\/12-first-class-chocolates-set\/"},"modified":"2020-07-01T13:43:28","modified_gmt":"2020-07-01T11:43:28","slug":"12-first-class-chocolates-set","status":"publish","type":"product","link":"https:\/\/starysklep.slodyczezpomyslem.pl\/en\/product\/12-first-class-chocolates-set\/","title":{"rendered":"12 First-Class Chocolates Set 04.41"},"content":{"rendered":"<p><strong>Set of 12 chocolates with delicate alcoholized cream filling wrapped in gold laminate and paper labels with promotional print.<\/strong><\/p>\n<ul>\n<li>available filling flavours: pistacchio, chocolate or mix of flavours<\/li>\n<li>all labels can be identical or have a different graphic design, creating a puzzle image<\/li>\n<li>large die-cut window in front of the box allows to see the inside of the set<\/li>\n<li>in case of print on box the puzzle image is also printed on a card placed underneath the chocolates<\/li>\n<li>two-piece cardboard box made of white cardboard with CMYK promotional print<\/li>\n<li>also avaialble in box made of gold, silver or holographic silver cardboard with logos, graphics and texts embossed directly into the box<\/li>\n<\/ul>\n","protected":false},"excerpt":{"rendered":"<p>Set of 12 chocolates with delicate alcoholized cream filling wrapped in gold laminate and paper labels with promotional print. available filling flavours: pistacchio, chocolate or mix of flavours all labels can be identical or have a different graphic design, creating a puzzle image large die-cut window in front of the box allows to see the [&hellip;]<\/p>\n","protected":false},"featured_media":1392,"comment_status":"open","ping_status":"closed","template":"","meta":[],"class_list":{"0":"post-2369","1":"product","2":"type-product","3":"status-publish","4":"has-post-thumbnail","6":"product_cat-products-en","7":"product_cat-small-chocolates-in-sets","8":"pa_ilosc-czekoladek-w-zestawie-12-pcs","9":"pa_minimalne-zamowienie-50-pcs-offset-print-embossing-en","10":"pa_okres-przydatnosci-6-months","11":"pa_wymiary-pudelka-200x170x16-mm-en","13":"first","14":"instock","15":"shipping-taxable","16":"product-type-simple"},"yoast_head":"<!-- This site is optimized with the Yoast SEO plugin v16.2 - https:\/\/yoast.com\/wordpress\/plugins\/seo\/ -->\n<title>12 First-Class Chocolates Set 04.41 - S\u0142odycze reklamowe B&amp;B<\/title>\n<meta name=\"description\" content=\"12 First-Class Chocolates Set 04.41. Reklama i s\u0142odycze to nasze dwie pasje. \u0141\u0105czymy je w s\u0142odycze reklamowe, kt\u00f3re buduj\u0105 Tw\u00f3j pozytywny wizerunek. W czym mo\u017cemy pom\u00f3c?\" \/>\n<meta name=\"robots\" content=\"noindex, follow, max-snippet:-1, max-image-preview:large, max-video-preview:-1\" \/>\n<meta property=\"og:locale\" content=\"en_US\" \/>\n<meta property=\"og:type\" content=\"article\" \/>\n<meta property=\"og:title\" content=\"12 First-Class Chocolates Set 04.41 - S\u0142odycze reklamowe B&amp;B\" \/>\n<meta property=\"og:description\" content=\"12 First-Class Chocolates Set 04.41. Reklama i s\u0142odycze to nasze dwie pasje. \u0141\u0105czymy je w s\u0142odycze reklamowe, kt\u00f3re buduj\u0105 Tw\u00f3j pozytywny wizerunek. W czym mo\u017cemy pom\u00f3c?\" \/>\n<meta property=\"og:url\" content=\"https:\/\/starysklep.slodyczezpomyslem.pl\/en\/product\/12-first-class-chocolates-set\/\" \/>\n<meta property=\"og:site_name\" content=\"slodycze-reklamowe.pl\" \/>\n<meta property=\"article:modified_time\" content=\"2020-07-01T11:43:28+00:00\" \/>\n<meta property=\"og:image\" content=\"https:\/\/starysklep.slodyczezpomyslem.pl\/wp-content\/uploads\/2017\/03\/04.41-zdj\u0119cie.jpg\" \/>\n\t<meta property=\"og:image:width\" content=\"800\" \/>\n\t<meta property=\"og:image:height\" content=\"600\" \/>\n<meta name=\"twitter:card\" content=\"summary\" \/>\n<meta name=\"twitter:label1\" content=\"Est. reading time\">\n\t<meta name=\"twitter:data1\" content=\"1 minute\">\n<script type=\"application\/ld+json\" class=\"yoast-schema-graph\">{\"@context\":\"https:\/\/schema.org\",\"@graph\":[{\"@type\":\"WebSite\",\"@id\":\"https:\/\/starysklep.slodyczezpomyslem.pl\/#website\",\"url\":\"https:\/\/starysklep.slodyczezpomyslem.pl\/\",\"name\":\"slodycze-reklamowe.pl\",\"description\":\"Kolejna witryna oparta na WordPressie\",\"potentialAction\":[{\"@type\":\"SearchAction\",\"target\":\"https:\/\/starysklep.slodyczezpomyslem.pl\/?s={search_term_string}\",\"query-input\":\"required name=search_term_string\"}],\"inLanguage\":\"en-US\"},{\"@type\":\"ImageObject\",\"@id\":\"https:\/\/starysklep.slodyczezpomyslem.pl\/en\/product\/12-first-class-chocolates-set\/#primaryimage\",\"inLanguage\":\"en-US\",\"url\":\"https:\/\/starysklep.slodyczezpomyslem.pl\/wp-content\/uploads\/2017\/03\/04.41-zdj\\u0119cie.jpg\",\"contentUrl\":\"https:\/\/starysklep.slodyczezpomyslem.pl\/wp-content\/uploads\/2017\/03\/04.41-zdj\\u0119cie.jpg\",\"width\":800,\"height\":600},{\"@type\":\"WebPage\",\"@id\":\"https:\/\/starysklep.slodyczezpomyslem.pl\/en\/product\/12-first-class-chocolates-set\/#webpage\",\"url\":\"https:\/\/starysklep.slodyczezpomyslem.pl\/en\/product\/12-first-class-chocolates-set\/\",\"name\":\"12 First-Class Chocolates Set 04.41 - S\\u0142odycze reklamowe B&B\",\"isPartOf\":{\"@id\":\"https:\/\/starysklep.slodyczezpomyslem.pl\/#website\"},\"primaryImageOfPage\":{\"@id\":\"https:\/\/starysklep.slodyczezpomyslem.pl\/en\/product\/12-first-class-chocolates-set\/#primaryimage\"},\"datePublished\":\"2017-03-07T13:51:40+00:00\",\"dateModified\":\"2020-07-01T11:43:28+00:00\",\"description\":\"12 First-Class Chocolates Set 04.41. Reklama i s\\u0142odycze to nasze dwie pasje. \\u0141\\u0105czymy je w s\\u0142odycze reklamowe, kt\\u00f3re buduj\\u0105 Tw\\u00f3j pozytywny wizerunek. W czym mo\\u017cemy pom\\u00f3c?\",\"breadcrumb\":{\"@id\":\"https:\/\/starysklep.slodyczezpomyslem.pl\/en\/product\/12-first-class-chocolates-set\/#breadcrumb\"},\"inLanguage\":\"en-US\",\"potentialAction\":[{\"@type\":\"ReadAction\",\"target\":[\"https:\/\/starysklep.slodyczezpomyslem.pl\/en\/product\/12-first-class-chocolates-set\/\"]}]},{\"@type\":\"BreadcrumbList\",\"@id\":\"https:\/\/starysklep.slodyczezpomyslem.pl\/en\/product\/12-first-class-chocolates-set\/#breadcrumb\",\"itemListElement\":[{\"@type\":\"ListItem\",\"position\":1,\"item\":{\"@type\":\"WebPage\",\"@id\":\"https:\/\/starysklep.slodyczezpomyslem.pl\/en\/\",\"url\":\"https:\/\/starysklep.slodyczezpomyslem.pl\/en\/\",\"name\":\"Strona g\\u0142\\u00f3wna\"}},{\"@type\":\"ListItem\",\"position\":2,\"item\":{\"@type\":\"WebPage\",\"@id\":\"https:\/\/starysklep.slodyczezpomyslem.pl\/en\/offer\/\",\"url\":\"https:\/\/starysklep.slodyczezpomyslem.pl\/en\/offer\/\",\"name\":\"Offer\"}},{\"@type\":\"ListItem\",\"position\":3,\"item\":{\"@id\":\"https:\/\/starysklep.slodyczezpomyslem.pl\/en\/product\/12-first-class-chocolates-set\/#webpage\"}}]}]}<\/script>\n<!-- \/ Yoast SEO plugin. -->","_links":{"self":[{"href":"https:\/\/starysklep.slodyczezpomyslem.pl\/en\/wp-json\/wp\/v2\/product\/2369","targetHints":{"allow":["GET"]}}],"collection":[{"href":"https:\/\/starysklep.slodyczezpomyslem.pl\/en\/wp-json\/wp\/v2\/product"}],"about":[{"href":"https:\/\/starysklep.slodyczezpomyslem.pl\/en\/wp-json\/wp\/v2\/types\/product"}],"replies":[{"embeddable":true,"href":"https:\/\/starysklep.slodyczezpomyslem.pl\/en\/wp-json\/wp\/v2\/comments?post=2369"}],"wp:featuredmedia":[{"embeddable":true,"href":"https:\/\/starysklep.slodyczezpomyslem.pl\/en\/wp-json\/wp\/v2\/media\/1392"}],"wp:attachment":[{"href":"https:\/\/starysklep.slodyczezpomyslem.pl\/en\/wp-json\/wp\/v2\/media?parent=2369"}],"curies":[{"name":"wp","href":"https:\/\/api.w.org\/{rel}","templated":true}]}}