{"id":2563,"date":"2017-03-07T14:50:23","date_gmt":"2017-03-07T13:50:23","guid":{"rendered":"http:\/\/www.slodyczezpomyslem.pl\/en\/product\/golden-pralines-mini-box\/"},"modified":"2023-02-06T09:11:25","modified_gmt":"2023-02-06T08:11:25","slug":"6-pralines-chocolate-box","status":"publish","type":"product","link":"https:\/\/starysklep.slodyczezpomyslem.pl\/en\/product\/6-pralines-chocolate-box\/","title":{"rendered":"6 Pralines Chocolate Box 07.30"},"content":{"rendered":"<p><strong>6 hand made pralines made from fine Belgian chocolate and decorated with various sprinkles<\/strong><\/p>\n<ul>\n<li>available sprinkles: coconut, walnut, coffe, pistacio, sugar, dried fruit mix<\/li>\n<li>pralines packed in black or white curlpapers<\/li>\n<li>2-piece cardboard box with window available in three branding versions:<br \/>\n&#8211; white cardboard with full colour print (CMYK)<br \/>\n&#8211; gold or silver metallized cardboard with embossed (inwards or outwards) logos and motifs<br \/>\n&#8211; matte cardboard (black dark blue, etc.) with logos printed by hot-stamping<\/li>\n<li>box tied with a bow (many colours available)<\/li>\n<\/ul>\n","protected":false},"excerpt":{"rendered":"<p>6 hand made pralines made from fine Belgian chocolate and decorated with various sprinkles available sprinkles: coconut, walnut, coffe, pistacio, sugar, dried fruit mix pralines packed in black or white curlpapers 2-piece cardboard box with window available in three branding versions: &#8211; white cardboard with full colour print (CMYK) &#8211; gold or silver metallized cardboard [&hellip;]<\/p>\n","protected":false},"featured_media":9778,"comment_status":"open","ping_status":"closed","template":"","meta":[],"class_list":{"0":"post-2563","1":"product","2":"type-product","3":"status-publish","4":"has-post-thumbnail","6":"product_cat-products-en","7":"product_cat-chocolate-boxes","8":"pa_minimalne-zamowienie-50-pcs","9":"pa_okres-przydatnosci-3-months-en","10":"pa_wymiary-pudelka-137x103x43-mm-en","12":"first","13":"instock","14":"shipping-taxable","15":"product-type-simple"},"yoast_head":"<!-- This site is optimized with the Yoast SEO plugin v16.2 - https:\/\/yoast.com\/wordpress\/plugins\/seo\/ -->\n<title>6 Pralines Chocolate Box 07.30 - S\u0142odycze reklamowe B&amp;B<\/title>\n<meta name=\"description\" content=\"6 Pralines Chocolate Box 07.30. Reklama i s\u0142odycze to nasze dwie pasje. \u0141\u0105czymy je w s\u0142odycze reklamowe, kt\u00f3re buduj\u0105 Tw\u00f3j pozytywny wizerunek. W czym mo\u017cemy pom\u00f3c?\" \/>\n<meta name=\"robots\" content=\"noindex, follow, max-snippet:-1, max-image-preview:large, max-video-preview:-1\" \/>\n<meta property=\"og:locale\" content=\"en_US\" \/>\n<meta property=\"og:type\" content=\"article\" \/>\n<meta property=\"og:title\" content=\"6 Pralines Chocolate Box 07.30 - S\u0142odycze reklamowe B&amp;B\" \/>\n<meta property=\"og:description\" content=\"6 Pralines Chocolate Box 07.30. Reklama i s\u0142odycze to nasze dwie pasje. \u0141\u0105czymy je w s\u0142odycze reklamowe, kt\u00f3re buduj\u0105 Tw\u00f3j pozytywny wizerunek. W czym mo\u017cemy pom\u00f3c?\" \/>\n<meta property=\"og:url\" content=\"https:\/\/starysklep.slodyczezpomyslem.pl\/en\/product\/6-pralines-chocolate-box\/\" \/>\n<meta property=\"og:site_name\" content=\"slodycze-reklamowe.pl\" \/>\n<meta property=\"article:modified_time\" content=\"2023-02-06T08:11:25+00:00\" \/>\n<meta property=\"og:image\" content=\"https:\/\/starysklep.slodyczezpomyslem.pl\/wp-content\/uploads\/2017\/03\/07.30_02.jpg\" \/>\n\t<meta property=\"og:image:width\" content=\"750\" \/>\n\t<meta property=\"og:image:height\" content=\"531\" \/>\n<meta name=\"twitter:card\" content=\"summary\" \/>\n<meta name=\"twitter:label1\" content=\"Est. reading time\">\n\t<meta name=\"twitter:data1\" content=\"1 minute\">\n<script type=\"application\/ld+json\" class=\"yoast-schema-graph\">{\"@context\":\"https:\/\/schema.org\",\"@graph\":[{\"@type\":\"WebSite\",\"@id\":\"https:\/\/starysklep.slodyczezpomyslem.pl\/#website\",\"url\":\"https:\/\/starysklep.slodyczezpomyslem.pl\/\",\"name\":\"slodycze-reklamowe.pl\",\"description\":\"Kolejna witryna oparta na WordPressie\",\"potentialAction\":[{\"@type\":\"SearchAction\",\"target\":\"https:\/\/starysklep.slodyczezpomyslem.pl\/?s={search_term_string}\",\"query-input\":\"required name=search_term_string\"}],\"inLanguage\":\"en-US\"},{\"@type\":\"ImageObject\",\"@id\":\"https:\/\/starysklep.slodyczezpomyslem.pl\/en\/product\/6-pralines-chocolate-box\/#primaryimage\",\"inLanguage\":\"en-US\",\"url\":\"https:\/\/starysklep.slodyczezpomyslem.pl\/wp-content\/uploads\/2017\/03\/07.30_02.jpg\",\"contentUrl\":\"https:\/\/starysklep.slodyczezpomyslem.pl\/wp-content\/uploads\/2017\/03\/07.30_02.jpg\",\"width\":750,\"height\":531},{\"@type\":\"WebPage\",\"@id\":\"https:\/\/starysklep.slodyczezpomyslem.pl\/en\/product\/6-pralines-chocolate-box\/#webpage\",\"url\":\"https:\/\/starysklep.slodyczezpomyslem.pl\/en\/product\/6-pralines-chocolate-box\/\",\"name\":\"6 Pralines Chocolate Box 07.30 - S\\u0142odycze reklamowe B&B\",\"isPartOf\":{\"@id\":\"https:\/\/starysklep.slodyczezpomyslem.pl\/#website\"},\"primaryImageOfPage\":{\"@id\":\"https:\/\/starysklep.slodyczezpomyslem.pl\/en\/product\/6-pralines-chocolate-box\/#primaryimage\"},\"datePublished\":\"2017-03-07T13:50:23+00:00\",\"dateModified\":\"2023-02-06T08:11:25+00:00\",\"description\":\"6 Pralines Chocolate Box 07.30. Reklama i s\\u0142odycze to nasze dwie pasje. \\u0141\\u0105czymy je w s\\u0142odycze reklamowe, kt\\u00f3re buduj\\u0105 Tw\\u00f3j pozytywny wizerunek. W czym mo\\u017cemy pom\\u00f3c?\",\"breadcrumb\":{\"@id\":\"https:\/\/starysklep.slodyczezpomyslem.pl\/en\/product\/6-pralines-chocolate-box\/#breadcrumb\"},\"inLanguage\":\"en-US\",\"potentialAction\":[{\"@type\":\"ReadAction\",\"target\":[\"https:\/\/starysklep.slodyczezpomyslem.pl\/en\/product\/6-pralines-chocolate-box\/\"]}]},{\"@type\":\"BreadcrumbList\",\"@id\":\"https:\/\/starysklep.slodyczezpomyslem.pl\/en\/product\/6-pralines-chocolate-box\/#breadcrumb\",\"itemListElement\":[{\"@type\":\"ListItem\",\"position\":1,\"item\":{\"@type\":\"WebPage\",\"@id\":\"https:\/\/starysklep.slodyczezpomyslem.pl\/en\/\",\"url\":\"https:\/\/starysklep.slodyczezpomyslem.pl\/en\/\",\"name\":\"Strona g\\u0142\\u00f3wna\"}},{\"@type\":\"ListItem\",\"position\":2,\"item\":{\"@type\":\"WebPage\",\"@id\":\"https:\/\/starysklep.slodyczezpomyslem.pl\/en\/offer\/\",\"url\":\"https:\/\/starysklep.slodyczezpomyslem.pl\/en\/offer\/\",\"name\":\"Offer\"}},{\"@type\":\"ListItem\",\"position\":3,\"item\":{\"@id\":\"https:\/\/starysklep.slodyczezpomyslem.pl\/en\/product\/6-pralines-chocolate-box\/#webpage\"}}]}]}<\/script>\n<!-- \/ Yoast SEO plugin. -->","_links":{"self":[{"href":"https:\/\/starysklep.slodyczezpomyslem.pl\/en\/wp-json\/wp\/v2\/product\/2563","targetHints":{"allow":["GET"]}}],"collection":[{"href":"https:\/\/starysklep.slodyczezpomyslem.pl\/en\/wp-json\/wp\/v2\/product"}],"about":[{"href":"https:\/\/starysklep.slodyczezpomyslem.pl\/en\/wp-json\/wp\/v2\/types\/product"}],"replies":[{"embeddable":true,"href":"https:\/\/starysklep.slodyczezpomyslem.pl\/en\/wp-json\/wp\/v2\/comments?post=2563"}],"wp:featuredmedia":[{"embeddable":true,"href":"https:\/\/starysklep.slodyczezpomyslem.pl\/en\/wp-json\/wp\/v2\/media\/9778"}],"wp:attachment":[{"href":"https:\/\/starysklep.slodyczezpomyslem.pl\/en\/wp-json\/wp\/v2\/media?parent=2563"}],"curies":[{"name":"wp","href":"https:\/\/api.w.org\/{rel}","templated":true}]}}