{"id":3088,"date":"2017-05-22T13:30:04","date_gmt":"2017-05-22T11:30:04","guid":{"rendered":"http:\/\/www.slodyczezpomyslem.pl\/en\/product\/christmas-gingerbread-cake-kopia-kopia-kopia-kopia-kopia-kopia-kopia-kopia-kopia-kopia\/"},"modified":"2020-04-02T14:12:30","modified_gmt":"2020-04-02T12:12:30","slug":"chocolate-message-l20-in-wooden-box","status":"publish","type":"product","link":"https:\/\/starysklep.slodyczezpomyslem.pl\/en\/product\/chocolate-message-l20-in-wooden-box\/","title":{"rendered":"Chocolate Message L20 in Wooden Box 27.02"},"content":{"rendered":"<p><strong>Your very own chocolate message, telegram, wishes, slogan, and more.<\/strong><\/p>\n<ul>\n<li>20 chocolate letter, digits or symbols placed in 2 rows with 10 pieces each<\/li>\n<li>all letters, digits and special graphic symbols made of milk 44% (in standard), dessert 55% or white chocolate<\/li>\n<li>gold or silver resting tray<\/li>\n<li>box made from natural wood with laser-engraved logos,texts and graphic motifs<\/li>\n<li>box tied with a ribbon (several available colours)<\/li>\n<li>engraving on the lid bottom \u2013 additional fee applies<\/li>\n<\/ul>\n","protected":false},"excerpt":{"rendered":"<p>Your very own chocolate message, telegram, wishes, slogan, and more. 20 chocolate letter, digits or symbols placed in 2 rows with 10 pieces each all letters, digits and special graphic symbols made of milk 44% (in standard), dessert 55% or white chocolate gold or silver resting tray box made from natural wood with laser-engraved logos,texts [&hellip;]<\/p>\n","protected":false},"featured_media":3578,"comment_status":"open","ping_status":"closed","template":"","meta":[],"class_list":{"0":"post-3088","1":"product","2":"type-product","3":"status-publish","4":"has-post-thumbnail","6":"product_cat-products-en","7":"product_cat-chocolate-letters","8":"pa_minimalne-zamowienie-50-pcs","9":"pa_okres-przydatnosci-6-months","10":"pa_wymiary-pudelka-300-x-102-x-26-mm-en","12":"first","13":"instock","14":"shipping-taxable","15":"product-type-simple"},"yoast_head":"<!-- This site is optimized with the Yoast SEO plugin v16.2 - https:\/\/yoast.com\/wordpress\/plugins\/seo\/ -->\n<title>Chocolate Message L20 in Wooden Box 27.02 - S\u0142odycze reklamowe B&amp;B<\/title>\n<meta name=\"description\" content=\"Chocolate Message L20 in Wooden Box 27.02. Reklama i s\u0142odycze to nasze dwie pasje. \u0141\u0105czymy je w s\u0142odycze reklamowe, kt\u00f3re buduj\u0105 Tw\u00f3j pozytywny wizerunek. W czym mo\u017cemy pom\u00f3c?\" \/>\n<meta name=\"robots\" content=\"noindex, follow, max-snippet:-1, max-image-preview:large, max-video-preview:-1\" \/>\n<meta property=\"og:locale\" content=\"en_US\" \/>\n<meta property=\"og:type\" content=\"article\" \/>\n<meta property=\"og:title\" content=\"Chocolate Message L20 in Wooden Box 27.02 - S\u0142odycze reklamowe B&amp;B\" \/>\n<meta property=\"og:description\" content=\"Chocolate Message L20 in Wooden Box 27.02. Reklama i s\u0142odycze to nasze dwie pasje. \u0141\u0105czymy je w s\u0142odycze reklamowe, kt\u00f3re buduj\u0105 Tw\u00f3j pozytywny wizerunek. W czym mo\u017cemy pom\u00f3c?\" \/>\n<meta property=\"og:url\" content=\"https:\/\/starysklep.slodyczezpomyslem.pl\/en\/product\/chocolate-message-l20-in-wooden-box\/\" \/>\n<meta property=\"og:site_name\" content=\"slodycze-reklamowe.pl\" \/>\n<meta property=\"article:modified_time\" content=\"2020-04-02T12:12:30+00:00\" \/>\n<meta property=\"og:image\" content=\"https:\/\/starysklep.slodyczezpomyslem.pl\/wp-content\/uploads\/2017\/05\/27.02a.jpg\" \/>\n\t<meta property=\"og:image:width\" content=\"700\" \/>\n\t<meta property=\"og:image:height\" content=\"495\" \/>\n<meta name=\"twitter:card\" content=\"summary\" \/>\n<script type=\"application\/ld+json\" class=\"yoast-schema-graph\">{\"@context\":\"https:\/\/schema.org\",\"@graph\":[{\"@type\":\"WebSite\",\"@id\":\"https:\/\/starysklep.slodyczezpomyslem.pl\/#website\",\"url\":\"https:\/\/starysklep.slodyczezpomyslem.pl\/\",\"name\":\"slodycze-reklamowe.pl\",\"description\":\"Kolejna witryna oparta na WordPressie\",\"potentialAction\":[{\"@type\":\"SearchAction\",\"target\":\"https:\/\/starysklep.slodyczezpomyslem.pl\/?s={search_term_string}\",\"query-input\":\"required name=search_term_string\"}],\"inLanguage\":\"en-US\"},{\"@type\":\"ImageObject\",\"@id\":\"https:\/\/starysklep.slodyczezpomyslem.pl\/en\/product\/chocolate-message-l20-in-wooden-box\/#primaryimage\",\"inLanguage\":\"en-US\",\"url\":\"https:\/\/starysklep.slodyczezpomyslem.pl\/wp-content\/uploads\/2017\/05\/27.02a.jpg\",\"contentUrl\":\"https:\/\/starysklep.slodyczezpomyslem.pl\/wp-content\/uploads\/2017\/05\/27.02a.jpg\",\"width\":700,\"height\":495},{\"@type\":\"WebPage\",\"@id\":\"https:\/\/starysklep.slodyczezpomyslem.pl\/en\/product\/chocolate-message-l20-in-wooden-box\/#webpage\",\"url\":\"https:\/\/starysklep.slodyczezpomyslem.pl\/en\/product\/chocolate-message-l20-in-wooden-box\/\",\"name\":\"Chocolate Message L20 in Wooden Box 27.02 - S\\u0142odycze reklamowe B&B\",\"isPartOf\":{\"@id\":\"https:\/\/starysklep.slodyczezpomyslem.pl\/#website\"},\"primaryImageOfPage\":{\"@id\":\"https:\/\/starysklep.slodyczezpomyslem.pl\/en\/product\/chocolate-message-l20-in-wooden-box\/#primaryimage\"},\"datePublished\":\"2017-05-22T11:30:04+00:00\",\"dateModified\":\"2020-04-02T12:12:30+00:00\",\"description\":\"Chocolate Message L20 in Wooden Box 27.02. Reklama i s\\u0142odycze to nasze dwie pasje. \\u0141\\u0105czymy je w s\\u0142odycze reklamowe, kt\\u00f3re buduj\\u0105 Tw\\u00f3j pozytywny wizerunek. W czym mo\\u017cemy pom\\u00f3c?\",\"breadcrumb\":{\"@id\":\"https:\/\/starysklep.slodyczezpomyslem.pl\/en\/product\/chocolate-message-l20-in-wooden-box\/#breadcrumb\"},\"inLanguage\":\"en-US\",\"potentialAction\":[{\"@type\":\"ReadAction\",\"target\":[\"https:\/\/starysklep.slodyczezpomyslem.pl\/en\/product\/chocolate-message-l20-in-wooden-box\/\"]}]},{\"@type\":\"BreadcrumbList\",\"@id\":\"https:\/\/starysklep.slodyczezpomyslem.pl\/en\/product\/chocolate-message-l20-in-wooden-box\/#breadcrumb\",\"itemListElement\":[{\"@type\":\"ListItem\",\"position\":1,\"item\":{\"@type\":\"WebPage\",\"@id\":\"https:\/\/starysklep.slodyczezpomyslem.pl\/en\/\",\"url\":\"https:\/\/starysklep.slodyczezpomyslem.pl\/en\/\",\"name\":\"Strona g\\u0142\\u00f3wna\"}},{\"@type\":\"ListItem\",\"position\":2,\"item\":{\"@type\":\"WebPage\",\"@id\":\"https:\/\/starysklep.slodyczezpomyslem.pl\/en\/offer\/\",\"url\":\"https:\/\/starysklep.slodyczezpomyslem.pl\/en\/offer\/\",\"name\":\"Offer\"}},{\"@type\":\"ListItem\",\"position\":3,\"item\":{\"@id\":\"https:\/\/starysklep.slodyczezpomyslem.pl\/en\/product\/chocolate-message-l20-in-wooden-box\/#webpage\"}}]}]}<\/script>\n<!-- \/ Yoast SEO plugin. -->","_links":{"self":[{"href":"https:\/\/starysklep.slodyczezpomyslem.pl\/en\/wp-json\/wp\/v2\/product\/3088","targetHints":{"allow":["GET"]}}],"collection":[{"href":"https:\/\/starysklep.slodyczezpomyslem.pl\/en\/wp-json\/wp\/v2\/product"}],"about":[{"href":"https:\/\/starysklep.slodyczezpomyslem.pl\/en\/wp-json\/wp\/v2\/types\/product"}],"replies":[{"embeddable":true,"href":"https:\/\/starysklep.slodyczezpomyslem.pl\/en\/wp-json\/wp\/v2\/comments?post=3088"}],"wp:featuredmedia":[{"embeddable":true,"href":"https:\/\/starysklep.slodyczezpomyslem.pl\/en\/wp-json\/wp\/v2\/media\/3578"}],"wp:attachment":[{"href":"https:\/\/starysklep.slodyczezpomyslem.pl\/en\/wp-json\/wp\/v2\/media?parent=3088"}],"curies":[{"name":"wp","href":"https:\/\/api.w.org\/{rel}","templated":true}]}}