{"id":6381,"date":"2019-08-07T13:58:59","date_gmt":"2019-08-07T11:58:59","guid":{"rendered":"http:\/\/www.slodyczezpomyslem.pl\/en\/produkt\/kalendarz-adwentowy-belgijski-21-48\/"},"modified":"2022-09-26T16:45:09","modified_gmt":"2022-09-26T14:45:09","slug":"kalendarz-adwentowy-belgijski-21-48","status":"publish","type":"product","link":"https:\/\/starysklep.slodyczezpomyslem.pl\/en\/product\/kalendarz-adwentowy-belgijski-21-48\/","title":{"rendered":"Belgian Advent Calendar 21.48"},"content":{"rendered":"<ul>\n<li>large advent calendar with 24 Belgian Chocolates<\/li>\n<li>milk chocolates (32% cocoa) in gold or silver laminate; dessert chocolate (61% cocoa) available only in gold laminate<\/li>\n<li>full-colour print paper label on each chocolate<\/li>\n<li>up to 6 different designs on chocolate wrappers; 24 designs available for extra charge<\/li>\n<li>impressive book-shaped advent calendar with 24 numbered windows through which chocolates are removed<\/li>\n<li>cardboard box with full colour CMYK or 1-4 Pantone promotional print<\/li>\n<li>additional branding possibilities: hot-stamping, embossment, selective varnish etc.<\/li>\n<li>available also in budget version &#8211; with milk chocolates manufactured in Poland<\/li>\n<\/ul>\n","protected":false},"excerpt":{"rendered":"<p>large advent calendar with 24 Belgian Chocolates milk chocolates (32% cocoa) in gold or silver laminate; dessert chocolate (61% cocoa) available only in gold laminate full-colour print paper label on each chocolate up to 6 different designs on chocolate wrappers; 24 designs available for extra charge impressive book-shaped advent calendar with 24 numbered windows through [&hellip;]<\/p>\n","protected":false},"featured_media":11973,"comment_status":"open","ping_status":"closed","template":"","meta":[],"class_list":{"0":"post-6381","1":"product","2":"type-product","3":"status-publish","4":"has-post-thumbnail","6":"product_cat-christmas","7":"product_cat-advent-calendars","8":"pa_minimalne-zamowienie-50-pcs","9":"pa_okres-przydatnosci-6-months","10":"pa_wymiar-jednej-czekoladki-35x35x4-mm-en","11":"pa_wymiary-opakowania-ok-252x176x22-mm-en","13":"first","14":"instock","15":"shipping-taxable","16":"product-type-simple"},"yoast_head":"<!-- This site is optimized with the Yoast SEO plugin v16.2 - https:\/\/yoast.com\/wordpress\/plugins\/seo\/ -->\n<title>Belgian Advent Calendar 21.48 - S\u0142odycze reklamowe B&amp;B<\/title>\n<meta name=\"description\" content=\"Belgian Advent Calendar 21.48. Reklama i s\u0142odycze to nasze dwie pasje. \u0141\u0105czymy je w s\u0142odycze reklamowe, kt\u00f3re buduj\u0105 Tw\u00f3j pozytywny wizerunek. W czym mo\u017cemy pom\u00f3c?\" \/>\n<meta name=\"robots\" content=\"noindex, follow, max-snippet:-1, max-image-preview:large, max-video-preview:-1\" \/>\n<meta property=\"og:locale\" content=\"en_US\" \/>\n<meta property=\"og:type\" content=\"article\" \/>\n<meta property=\"og:title\" content=\"Belgian Advent Calendar 21.48 - S\u0142odycze reklamowe B&amp;B\" \/>\n<meta property=\"og:description\" content=\"Belgian Advent Calendar 21.48. Reklama i s\u0142odycze to nasze dwie pasje. \u0141\u0105czymy je w s\u0142odycze reklamowe, kt\u00f3re buduj\u0105 Tw\u00f3j pozytywny wizerunek. W czym mo\u017cemy pom\u00f3c?\" \/>\n<meta property=\"og:url\" content=\"https:\/\/starysklep.slodyczezpomyslem.pl\/en\/product\/kalendarz-adwentowy-belgijski-21-48\/\" \/>\n<meta property=\"og:site_name\" content=\"slodycze-reklamowe.pl\" \/>\n<meta property=\"article:modified_time\" content=\"2022-09-26T14:45:09+00:00\" \/>\n<meta property=\"og:image\" content=\"https:\/\/starysklep.slodyczezpomyslem.pl\/wp-content\/uploads\/2019\/08\/21.48_2022.jpg\" \/>\n\t<meta property=\"og:image:width\" content=\"900\" \/>\n\t<meta property=\"og:image:height\" content=\"675\" \/>\n<meta name=\"twitter:card\" content=\"summary\" \/>\n<meta name=\"twitter:label1\" content=\"Est. reading time\">\n\t<meta name=\"twitter:data1\" content=\"1 minute\">\n<script type=\"application\/ld+json\" class=\"yoast-schema-graph\">{\"@context\":\"https:\/\/schema.org\",\"@graph\":[{\"@type\":\"WebSite\",\"@id\":\"https:\/\/starysklep.slodyczezpomyslem.pl\/#website\",\"url\":\"https:\/\/starysklep.slodyczezpomyslem.pl\/\",\"name\":\"slodycze-reklamowe.pl\",\"description\":\"Kolejna witryna oparta na WordPressie\",\"potentialAction\":[{\"@type\":\"SearchAction\",\"target\":\"https:\/\/starysklep.slodyczezpomyslem.pl\/?s={search_term_string}\",\"query-input\":\"required name=search_term_string\"}],\"inLanguage\":\"en-US\"},{\"@type\":\"ImageObject\",\"@id\":\"https:\/\/starysklep.slodyczezpomyslem.pl\/en\/product\/kalendarz-adwentowy-belgijski-21-48\/#primaryimage\",\"inLanguage\":\"en-US\",\"url\":\"https:\/\/starysklep.slodyczezpomyslem.pl\/wp-content\/uploads\/2019\/08\/2024_21.48.jpg\",\"contentUrl\":\"https:\/\/starysklep.slodyczezpomyslem.pl\/wp-content\/uploads\/2019\/08\/2024_21.48.jpg\",\"width\":1200,\"height\":900},{\"@type\":\"WebPage\",\"@id\":\"https:\/\/starysklep.slodyczezpomyslem.pl\/en\/product\/kalendarz-adwentowy-belgijski-21-48\/#webpage\",\"url\":\"https:\/\/starysklep.slodyczezpomyslem.pl\/en\/product\/kalendarz-adwentowy-belgijski-21-48\/\",\"name\":\"Belgian Advent Calendar 21.48 - S\\u0142odycze reklamowe B&B\",\"isPartOf\":{\"@id\":\"https:\/\/starysklep.slodyczezpomyslem.pl\/#website\"},\"primaryImageOfPage\":{\"@id\":\"https:\/\/starysklep.slodyczezpomyslem.pl\/en\/product\/kalendarz-adwentowy-belgijski-21-48\/#primaryimage\"},\"datePublished\":\"2019-08-07T11:58:59+00:00\",\"dateModified\":\"2022-09-26T14:45:09+00:00\",\"description\":\"Belgian Advent Calendar 21.48. Reklama i s\\u0142odycze to nasze dwie pasje. \\u0141\\u0105czymy je w s\\u0142odycze reklamowe, kt\\u00f3re buduj\\u0105 Tw\\u00f3j pozytywny wizerunek. W czym mo\\u017cemy pom\\u00f3c?\",\"breadcrumb\":{\"@id\":\"https:\/\/starysklep.slodyczezpomyslem.pl\/en\/product\/kalendarz-adwentowy-belgijski-21-48\/#breadcrumb\"},\"inLanguage\":\"en-US\",\"potentialAction\":[{\"@type\":\"ReadAction\",\"target\":[\"https:\/\/starysklep.slodyczezpomyslem.pl\/en\/product\/kalendarz-adwentowy-belgijski-21-48\/\"]}]},{\"@type\":\"BreadcrumbList\",\"@id\":\"https:\/\/starysklep.slodyczezpomyslem.pl\/en\/product\/kalendarz-adwentowy-belgijski-21-48\/#breadcrumb\",\"itemListElement\":[{\"@type\":\"ListItem\",\"position\":1,\"item\":{\"@type\":\"WebPage\",\"@id\":\"https:\/\/starysklep.slodyczezpomyslem.pl\/en\/\",\"url\":\"https:\/\/starysklep.slodyczezpomyslem.pl\/en\/\",\"name\":\"Strona g\\u0142\\u00f3wna\"}},{\"@type\":\"ListItem\",\"position\":2,\"item\":{\"@type\":\"WebPage\",\"@id\":\"https:\/\/starysklep.slodyczezpomyslem.pl\/en\/offer\/\",\"url\":\"https:\/\/starysklep.slodyczezpomyslem.pl\/en\/offer\/\",\"name\":\"Offer\"}},{\"@type\":\"ListItem\",\"position\":3,\"item\":{\"@id\":\"https:\/\/starysklep.slodyczezpomyslem.pl\/en\/product\/kalendarz-adwentowy-belgijski-21-48\/#webpage\"}}]}]}<\/script>\n<!-- \/ Yoast SEO plugin. -->","_links":{"self":[{"href":"https:\/\/starysklep.slodyczezpomyslem.pl\/en\/wp-json\/wp\/v2\/product\/6381","targetHints":{"allow":["GET"]}}],"collection":[{"href":"https:\/\/starysklep.slodyczezpomyslem.pl\/en\/wp-json\/wp\/v2\/product"}],"about":[{"href":"https:\/\/starysklep.slodyczezpomyslem.pl\/en\/wp-json\/wp\/v2\/types\/product"}],"replies":[{"embeddable":true,"href":"https:\/\/starysklep.slodyczezpomyslem.pl\/en\/wp-json\/wp\/v2\/comments?post=6381"}],"wp:featuredmedia":[{"embeddable":true,"href":"https:\/\/starysklep.slodyczezpomyslem.pl\/en\/wp-json\/wp\/v2\/media\/11973"}],"wp:attachment":[{"href":"https:\/\/starysklep.slodyczezpomyslem.pl\/en\/wp-json\/wp\/v2\/media?parent=6381"}],"curies":[{"name":"wp","href":"https:\/\/api.w.org\/{rel}","templated":true}]}}