{"id":6884,"date":"2020-02-17T10:42:19","date_gmt":"2020-02-17T09:42:19","guid":{"rendered":"http:\/\/www.slodyczezpomyslem.pl\/en\/produkt\/mini-eared-box-20-59\/"},"modified":"2022-12-14T13:35:13","modified_gmt":"2022-12-14T12:35:13","slug":"mini-eared-box-20-59","status":"publish","type":"product","link":"https:\/\/starysklep.slodyczezpomyslem.pl\/en\/product\/mini-eared-box-20-59\/","title":{"rendered":"Mini Eared Box 20.59"},"content":{"rendered":"<ul>\n<li>cute mini box with ears containing one chocolate egg<\/li>\n<li>eggs wrapped in retail printed aluminum foil with Easter motifs<\/li>\n<li>delicious milk chocolates with crunchy crisp inside<\/li>\n<li>chocolates available only in mix of flavours and wrapper colours: vanilla, orange, chocolate, strawberry<\/li>\n<li>box with full colour promotional print &#8211; CMYK or 1-4 Pantone colours<\/li>\n<\/ul>\n","protected":false},"excerpt":{"rendered":"<p>cute mini box with ears containing one chocolate egg eggs wrapped in retail printed aluminum foil with Easter motifs delicious milk chocolates with crunchy crisp inside chocolates available only in mix of flavours and wrapper colours: vanilla, orange, chocolate, strawberry box with full colour promotional print &#8211; CMYK or 1-4 Pantone colours<\/p>\n","protected":false},"featured_media":12287,"comment_status":"open","ping_status":"closed","template":"","meta":[],"class_list":{"0":"post-6884","1":"product","2":"type-product","3":"status-publish","4":"has-post-thumbnail","6":"product_cat-products-en","7":"product_cat-easter","9":"first","10":"instock","11":"shipping-taxable","12":"product-type-simple"},"yoast_head":"<!-- This site is optimized with the Yoast SEO plugin v16.2 - https:\/\/yoast.com\/wordpress\/plugins\/seo\/ -->\n<title>Mini Eared Box 20.59 - S\u0142odycze reklamowe B&amp;B<\/title>\n<meta name=\"description\" content=\"Mini Eared Box 20.59. Reklama i s\u0142odycze to nasze dwie pasje. \u0141\u0105czymy je w s\u0142odycze reklamowe, kt\u00f3re buduj\u0105 Tw\u00f3j pozytywny wizerunek. W czym mo\u017cemy pom\u00f3c?\" \/>\n<meta name=\"robots\" content=\"noindex, follow, max-snippet:-1, max-image-preview:large, max-video-preview:-1\" \/>\n<meta property=\"og:locale\" content=\"en_US\" \/>\n<meta property=\"og:type\" content=\"article\" \/>\n<meta property=\"og:title\" content=\"Mini Eared Box 20.59 - S\u0142odycze reklamowe B&amp;B\" \/>\n<meta property=\"og:description\" content=\"Mini Eared Box 20.59. Reklama i s\u0142odycze to nasze dwie pasje. \u0141\u0105czymy je w s\u0142odycze reklamowe, kt\u00f3re buduj\u0105 Tw\u00f3j pozytywny wizerunek. W czym mo\u017cemy pom\u00f3c?\" \/>\n<meta property=\"og:url\" content=\"https:\/\/starysklep.slodyczezpomyslem.pl\/en\/product\/mini-eared-box-20-59\/\" \/>\n<meta property=\"og:site_name\" content=\"slodycze-reklamowe.pl\" \/>\n<meta property=\"article:modified_time\" content=\"2022-12-14T12:35:13+00:00\" \/>\n<meta property=\"og:image\" content=\"https:\/\/starysklep.slodyczezpomyslem.pl\/wp-content\/uploads\/2020\/02\/20.59_2022.jpg\" \/>\n\t<meta property=\"og:image:width\" content=\"750\" \/>\n\t<meta property=\"og:image:height\" content=\"531\" \/>\n<meta name=\"twitter:card\" content=\"summary\" \/>\n<meta name=\"twitter:label1\" content=\"Est. reading time\">\n\t<meta name=\"twitter:data1\" content=\"1 minute\">\n<script type=\"application\/ld+json\" class=\"yoast-schema-graph\">{\"@context\":\"https:\/\/schema.org\",\"@graph\":[{\"@type\":\"WebSite\",\"@id\":\"https:\/\/starysklep.slodyczezpomyslem.pl\/#website\",\"url\":\"https:\/\/starysklep.slodyczezpomyslem.pl\/\",\"name\":\"slodycze-reklamowe.pl\",\"description\":\"Kolejna witryna oparta na WordPressie\",\"potentialAction\":[{\"@type\":\"SearchAction\",\"target\":\"https:\/\/starysklep.slodyczezpomyslem.pl\/?s={search_term_string}\",\"query-input\":\"required name=search_term_string\"}],\"inLanguage\":\"en-US\"},{\"@type\":\"ImageObject\",\"@id\":\"https:\/\/starysklep.slodyczezpomyslem.pl\/en\/product\/mini-eared-box-20-59\/#primaryimage\",\"inLanguage\":\"en-US\",\"url\":\"https:\/\/starysklep.slodyczezpomyslem.pl\/wp-content\/uploads\/2020\/02\/20.59_2025-1.jpg\",\"contentUrl\":\"https:\/\/starysklep.slodyczezpomyslem.pl\/wp-content\/uploads\/2020\/02\/20.59_2025-1.jpg\",\"width\":1200,\"height\":900,\"caption\":\"czekoladowe jajka wielkanocne w pude\\u0142ku w kszta\\u0142cie kr\\u00f3liczka\"},{\"@type\":\"WebPage\",\"@id\":\"https:\/\/starysklep.slodyczezpomyslem.pl\/en\/product\/mini-eared-box-20-59\/#webpage\",\"url\":\"https:\/\/starysklep.slodyczezpomyslem.pl\/en\/product\/mini-eared-box-20-59\/\",\"name\":\"Mini Eared Box 20.59 - S\\u0142odycze reklamowe B&B\",\"isPartOf\":{\"@id\":\"https:\/\/starysklep.slodyczezpomyslem.pl\/#website\"},\"primaryImageOfPage\":{\"@id\":\"https:\/\/starysklep.slodyczezpomyslem.pl\/en\/product\/mini-eared-box-20-59\/#primaryimage\"},\"datePublished\":\"2020-02-17T09:42:19+00:00\",\"dateModified\":\"2022-12-14T12:35:13+00:00\",\"description\":\"Mini Eared Box 20.59. Reklama i s\\u0142odycze to nasze dwie pasje. \\u0141\\u0105czymy je w s\\u0142odycze reklamowe, kt\\u00f3re buduj\\u0105 Tw\\u00f3j pozytywny wizerunek. W czym mo\\u017cemy pom\\u00f3c?\",\"breadcrumb\":{\"@id\":\"https:\/\/starysklep.slodyczezpomyslem.pl\/en\/product\/mini-eared-box-20-59\/#breadcrumb\"},\"inLanguage\":\"en-US\",\"potentialAction\":[{\"@type\":\"ReadAction\",\"target\":[\"https:\/\/starysklep.slodyczezpomyslem.pl\/en\/product\/mini-eared-box-20-59\/\"]}]},{\"@type\":\"BreadcrumbList\",\"@id\":\"https:\/\/starysklep.slodyczezpomyslem.pl\/en\/product\/mini-eared-box-20-59\/#breadcrumb\",\"itemListElement\":[{\"@type\":\"ListItem\",\"position\":1,\"item\":{\"@type\":\"WebPage\",\"@id\":\"https:\/\/starysklep.slodyczezpomyslem.pl\/en\/\",\"url\":\"https:\/\/starysklep.slodyczezpomyslem.pl\/en\/\",\"name\":\"Strona g\\u0142\\u00f3wna\"}},{\"@type\":\"ListItem\",\"position\":2,\"item\":{\"@type\":\"WebPage\",\"@id\":\"https:\/\/starysklep.slodyczezpomyslem.pl\/en\/offer\/\",\"url\":\"https:\/\/starysklep.slodyczezpomyslem.pl\/en\/offer\/\",\"name\":\"Offer\"}},{\"@type\":\"ListItem\",\"position\":3,\"item\":{\"@id\":\"https:\/\/starysklep.slodyczezpomyslem.pl\/en\/product\/mini-eared-box-20-59\/#webpage\"}}]}]}<\/script>\n<!-- \/ Yoast SEO plugin. -->","_links":{"self":[{"href":"https:\/\/starysklep.slodyczezpomyslem.pl\/en\/wp-json\/wp\/v2\/product\/6884","targetHints":{"allow":["GET"]}}],"collection":[{"href":"https:\/\/starysklep.slodyczezpomyslem.pl\/en\/wp-json\/wp\/v2\/product"}],"about":[{"href":"https:\/\/starysklep.slodyczezpomyslem.pl\/en\/wp-json\/wp\/v2\/types\/product"}],"replies":[{"embeddable":true,"href":"https:\/\/starysklep.slodyczezpomyslem.pl\/en\/wp-json\/wp\/v2\/comments?post=6884"}],"wp:featuredmedia":[{"embeddable":true,"href":"https:\/\/starysklep.slodyczezpomyslem.pl\/en\/wp-json\/wp\/v2\/media\/12287"}],"wp:attachment":[{"href":"https:\/\/starysklep.slodyczezpomyslem.pl\/en\/wp-json\/wp\/v2\/media?parent=6884"}],"curies":[{"name":"wp","href":"https:\/\/api.w.org\/{rel}","templated":true}]}}