{"id":9796,"date":"2022-09-29T08:22:15","date_gmt":"2022-09-29T06:22:15","guid":{"rendered":"https:\/\/www.slodyczezpomyslem.pl\/en\/?post_type=product&#038;p=9796"},"modified":"2024-02-08T13:04:59","modified_gmt":"2024-02-08T12:04:59","slug":"fudge-in-chocolate-set-04-10","status":"publish","type":"product","link":"https:\/\/starysklep.slodyczezpomyslem.pl\/en\/product\/fudge-in-chocolate-set-04-10\/","title":{"rendered":"Fudge in Chocolate Set 04.10"},"content":{"rendered":"\n<ul>\n<li>15 chewy, milk fudges covered in delicious, milk, Belgian chocolate &#8211; 44% cocoa<\/li>\n<li>placed on black tray<\/li>\n<li>box with full colour promotional print (CMYK)<\/li>\n<li>also available in boxes made of: black matte cardboard with gold or silver hot-stamping; gold or silver metallized cardboard with embossment<\/li>\n<\/ul>\n","protected":false},"excerpt":{"rendered":"<p>15 chewy, milk fudges covered in delicious, milk, Belgian chocolate &#8211; 44% cocoa placed on black tray box with full colour promotional print (CMYK) also available in boxes made of: black matte cardboard with gold or silver hot-stamping; gold or silver metallized cardboard with embossment<\/p>\n","protected":false},"featured_media":11169,"comment_status":"open","ping_status":"closed","template":"","meta":[],"class_list":{"0":"post-9796","1":"product","2":"type-product","3":"status-publish","4":"has-post-thumbnail","6":"product_cat-products-en","7":"product_cat-small-chocolates-in-sets","8":"product_cat-chocolate-boxes","9":"product_cat-christmas","10":"product_cat-chocolate-boxes-and-sets","11":"pa_ilosc-czekoladek-w-zestawie-15-pcs-2","12":"pa_minimalne-zamowienie-50-pcs-en-3","13":"pa_termin-przydatnosci-6-months","14":"pa_waga-netto-brutto-228-265-g","15":"pa_wymiary-opakowania-142x160x20-mm","17":"first","18":"instock","19":"shipping-taxable","20":"product-type-simple"},"yoast_head":"<!-- This site is optimized with the Yoast SEO plugin v16.2 - https:\/\/yoast.com\/wordpress\/plugins\/seo\/ -->\n<title>Fudge in Chocolate Set 04.10 - S\u0142odycze reklamowe B&amp;B<\/title>\n<meta name=\"description\" content=\"Fudge in Chocolate Set 04.10. Reklama i s\u0142odycze to nasze dwie pasje. \u0141\u0105czymy je w s\u0142odycze reklamowe, kt\u00f3re buduj\u0105 Tw\u00f3j pozytywny wizerunek. W czym mo\u017cemy pom\u00f3c?\" \/>\n<meta name=\"robots\" content=\"noindex, follow, max-snippet:-1, max-image-preview:large, max-video-preview:-1\" \/>\n<meta property=\"og:locale\" content=\"en_US\" \/>\n<meta property=\"og:type\" content=\"article\" \/>\n<meta property=\"og:title\" content=\"Fudge in Chocolate Set 04.10 - S\u0142odycze reklamowe B&amp;B\" \/>\n<meta property=\"og:description\" content=\"Fudge in Chocolate Set 04.10. Reklama i s\u0142odycze to nasze dwie pasje. \u0141\u0105czymy je w s\u0142odycze reklamowe, kt\u00f3re buduj\u0105 Tw\u00f3j pozytywny wizerunek. W czym mo\u017cemy pom\u00f3c?\" \/>\n<meta property=\"og:url\" content=\"https:\/\/starysklep.slodyczezpomyslem.pl\/en\/product\/fudge-in-chocolate-set-04-10\/\" \/>\n<meta property=\"og:site_name\" content=\"slodycze-reklamowe.pl\" \/>\n<meta property=\"article:modified_time\" content=\"2024-02-08T12:04:59+00:00\" \/>\n<meta property=\"og:image\" content=\"https:\/\/starysklep.slodyczezpomyslem.pl\/wp-content\/uploads\/2022\/09\/04.10_2023-1.jpg\" \/>\n\t<meta property=\"og:image:width\" content=\"1200\" \/>\n\t<meta property=\"og:image:height\" content=\"900\" \/>\n<meta name=\"twitter:card\" content=\"summary\" \/>\n<meta name=\"twitter:label1\" content=\"Est. reading time\">\n\t<meta name=\"twitter:data1\" content=\"1 minute\">\n<script type=\"application\/ld+json\" class=\"yoast-schema-graph\">{\"@context\":\"https:\/\/schema.org\",\"@graph\":[{\"@type\":\"WebSite\",\"@id\":\"https:\/\/starysklep.slodyczezpomyslem.pl\/#website\",\"url\":\"https:\/\/starysklep.slodyczezpomyslem.pl\/\",\"name\":\"slodycze-reklamowe.pl\",\"description\":\"Kolejna witryna oparta na WordPressie\",\"potentialAction\":[{\"@type\":\"SearchAction\",\"target\":\"https:\/\/starysklep.slodyczezpomyslem.pl\/?s={search_term_string}\",\"query-input\":\"required name=search_term_string\"}],\"inLanguage\":\"en-US\"},{\"@type\":\"ImageObject\",\"@id\":\"https:\/\/starysklep.slodyczezpomyslem.pl\/en\/product\/fudge-in-chocolate-set-04-10\/#primaryimage\",\"inLanguage\":\"en-US\",\"url\":\"https:\/\/starysklep.slodyczezpomyslem.pl\/wp-content\/uploads\/2022\/09\/04.10_2023-1.jpg\",\"contentUrl\":\"https:\/\/starysklep.slodyczezpomyslem.pl\/wp-content\/uploads\/2022\/09\/04.10_2023-1.jpg\",\"width\":1200,\"height\":900},{\"@type\":\"WebPage\",\"@id\":\"https:\/\/starysklep.slodyczezpomyslem.pl\/en\/product\/fudge-in-chocolate-set-04-10\/#webpage\",\"url\":\"https:\/\/starysklep.slodyczezpomyslem.pl\/en\/product\/fudge-in-chocolate-set-04-10\/\",\"name\":\"Fudge in Chocolate Set 04.10 - S\\u0142odycze reklamowe B&B\",\"isPartOf\":{\"@id\":\"https:\/\/starysklep.slodyczezpomyslem.pl\/#website\"},\"primaryImageOfPage\":{\"@id\":\"https:\/\/starysklep.slodyczezpomyslem.pl\/en\/product\/fudge-in-chocolate-set-04-10\/#primaryimage\"},\"datePublished\":\"2022-09-29T06:22:15+00:00\",\"dateModified\":\"2024-02-08T12:04:59+00:00\",\"description\":\"Fudge in Chocolate Set 04.10. Reklama i s\\u0142odycze to nasze dwie pasje. \\u0141\\u0105czymy je w s\\u0142odycze reklamowe, kt\\u00f3re buduj\\u0105 Tw\\u00f3j pozytywny wizerunek. W czym mo\\u017cemy pom\\u00f3c?\",\"breadcrumb\":{\"@id\":\"https:\/\/starysklep.slodyczezpomyslem.pl\/en\/product\/fudge-in-chocolate-set-04-10\/#breadcrumb\"},\"inLanguage\":\"en-US\",\"potentialAction\":[{\"@type\":\"ReadAction\",\"target\":[\"https:\/\/starysklep.slodyczezpomyslem.pl\/en\/product\/fudge-in-chocolate-set-04-10\/\"]}]},{\"@type\":\"BreadcrumbList\",\"@id\":\"https:\/\/starysklep.slodyczezpomyslem.pl\/en\/product\/fudge-in-chocolate-set-04-10\/#breadcrumb\",\"itemListElement\":[{\"@type\":\"ListItem\",\"position\":1,\"item\":{\"@type\":\"WebPage\",\"@id\":\"https:\/\/starysklep.slodyczezpomyslem.pl\/en\/\",\"url\":\"https:\/\/starysklep.slodyczezpomyslem.pl\/en\/\",\"name\":\"Strona g\\u0142\\u00f3wna\"}},{\"@type\":\"ListItem\",\"position\":2,\"item\":{\"@type\":\"WebPage\",\"@id\":\"https:\/\/starysklep.slodyczezpomyslem.pl\/en\/offer\/\",\"url\":\"https:\/\/starysklep.slodyczezpomyslem.pl\/en\/offer\/\",\"name\":\"Offer\"}},{\"@type\":\"ListItem\",\"position\":3,\"item\":{\"@id\":\"https:\/\/starysklep.slodyczezpomyslem.pl\/en\/product\/fudge-in-chocolate-set-04-10\/#webpage\"}}]}]}<\/script>\n<!-- \/ Yoast SEO plugin. -->","_links":{"self":[{"href":"https:\/\/starysklep.slodyczezpomyslem.pl\/en\/wp-json\/wp\/v2\/product\/9796","targetHints":{"allow":["GET"]}}],"collection":[{"href":"https:\/\/starysklep.slodyczezpomyslem.pl\/en\/wp-json\/wp\/v2\/product"}],"about":[{"href":"https:\/\/starysklep.slodyczezpomyslem.pl\/en\/wp-json\/wp\/v2\/types\/product"}],"replies":[{"embeddable":true,"href":"https:\/\/starysklep.slodyczezpomyslem.pl\/en\/wp-json\/wp\/v2\/comments?post=9796"}],"wp:featuredmedia":[{"embeddable":true,"href":"https:\/\/starysklep.slodyczezpomyslem.pl\/en\/wp-json\/wp\/v2\/media\/11169"}],"wp:attachment":[{"href":"https:\/\/starysklep.slodyczezpomyslem.pl\/en\/wp-json\/wp\/v2\/media?parent=9796"}],"curies":[{"name":"wp","href":"https:\/\/api.w.org\/{rel}","templated":true}]}}