{"id":9821,"date":"2022-10-05T16:00:33","date_gmt":"2022-10-05T14:00:33","guid":{"rendered":"https:\/\/www.slodyczezpomyslem.pl\/en\/?post_type=product&#038;p=9821"},"modified":"2024-03-21T15:09:30","modified_gmt":"2024-03-21T14:09:30","slug":"sweet-dream-04-19a-2","status":"publish","type":"product","link":"https:\/\/starysklep.slodyczezpomyslem.pl\/en\/product\/sweet-dream-04-19a-2\/","title":{"rendered":"Sweet Dream 04.19A"},"content":{"rendered":"\n<p><strong>Set of 9 hand-made Belgian chocolate pralines with various sprinkles and decorations and milk chocolate with freeze-dried fruits<br \/><\/strong><\/p>\n<ul>\n<li>mix of currently available praline types in each set<\/li>\n<li>chocolate bar made of milk chocolate 44% cocoa with addition of white chocolate covered with freeze-dried strawberry and mango<\/li>\n<li>2-piece cardboard box\u00a0available in three branding versions:<br \/><strong>\u2013 <\/strong>white cardboard with full colour print (CMYK)<br \/><strong>\u2013 <\/strong>gold or silver metallized cardboard with embossed (inwards or outwards) logos and motifs<br \/><strong>\u2013 <\/strong>matte cardboard (black etc.) with logos printed by gold or silver hot-stamping<\/li>\n<li>stylish bow emphasizing the gift nature of the set available in many colours<\/li>\n<\/ul>\n","protected":false},"excerpt":{"rendered":"<p>Set of 9 hand-made Belgian chocolate pralines with various sprinkles and decorations and milk chocolate with freeze-dried fruits mix of currently available praline types in each set chocolate bar made of milk chocolate 44% cocoa with addition of white chocolate covered with freeze-dried strawberry and mango 2-piece cardboard box\u00a0available in three branding versions:\u2013 white cardboard [&hellip;]<\/p>\n","protected":false},"featured_media":9606,"comment_status":"open","ping_status":"closed","template":"","meta":[],"class_list":{"0":"post-9821","1":"product","2":"type-product","3":"status-publish","4":"has-post-thumbnail","6":"product_cat-products-en","7":"product_cat-small-chocolates-in-sets","8":"product_cat-chocolate-boxes","9":"product_cat-christmas","10":"product_cat-chocolate-boxes-and-sets","11":"pa_minimalne-zamowienie-50-pcs-en-3","12":"pa_termin-przydatnosci-3-months","13":"pa_waga-netto-brutto-195-260-g","14":"pa_wymiary-opakowania-238x136x43-mm-en","16":"first","17":"instock","18":"shipping-taxable","19":"product-type-simple"},"yoast_head":"<!-- This site is optimized with the Yoast SEO plugin v16.2 - https:\/\/yoast.com\/wordpress\/plugins\/seo\/ -->\n<title>Sweet Dream 04.19A - S\u0142odycze reklamowe B&amp;B<\/title>\n<meta name=\"description\" content=\"Sweet Dream 04.19A. Reklama i s\u0142odycze to nasze dwie pasje. \u0141\u0105czymy je w s\u0142odycze reklamowe, kt\u00f3re buduj\u0105 Tw\u00f3j pozytywny wizerunek. W czym mo\u017cemy pom\u00f3c?\" \/>\n<meta name=\"robots\" content=\"noindex, follow, max-snippet:-1, max-image-preview:large, max-video-preview:-1\" \/>\n<meta property=\"og:locale\" content=\"en_US\" \/>\n<meta property=\"og:type\" content=\"article\" \/>\n<meta property=\"og:title\" content=\"Sweet Dream 04.19A - S\u0142odycze reklamowe B&amp;B\" \/>\n<meta property=\"og:description\" content=\"Sweet Dream 04.19A. Reklama i s\u0142odycze to nasze dwie pasje. \u0141\u0105czymy je w s\u0142odycze reklamowe, kt\u00f3re buduj\u0105 Tw\u00f3j pozytywny wizerunek. W czym mo\u017cemy pom\u00f3c?\" \/>\n<meta property=\"og:url\" content=\"https:\/\/starysklep.slodyczezpomyslem.pl\/en\/product\/sweet-dream-04-19a-2\/\" \/>\n<meta property=\"og:site_name\" content=\"slodycze-reklamowe.pl\" \/>\n<meta property=\"article:modified_time\" content=\"2024-03-21T14:09:30+00:00\" \/>\n<meta property=\"og:image\" content=\"https:\/\/starysklep.slodyczezpomyslem.pl\/wp-content\/uploads\/2022\/09\/04.19A_2022.jpg\" \/>\n\t<meta property=\"og:image:width\" content=\"1200\" \/>\n\t<meta property=\"og:image:height\" content=\"900\" \/>\n<meta name=\"twitter:card\" content=\"summary\" \/>\n<meta name=\"twitter:label1\" content=\"Est. reading time\">\n\t<meta name=\"twitter:data1\" content=\"1 minute\">\n<script type=\"application\/ld+json\" class=\"yoast-schema-graph\">{\"@context\":\"https:\/\/schema.org\",\"@graph\":[{\"@type\":\"WebSite\",\"@id\":\"https:\/\/starysklep.slodyczezpomyslem.pl\/#website\",\"url\":\"https:\/\/starysklep.slodyczezpomyslem.pl\/\",\"name\":\"slodycze-reklamowe.pl\",\"description\":\"Kolejna witryna oparta na WordPressie\",\"potentialAction\":[{\"@type\":\"SearchAction\",\"target\":\"https:\/\/starysklep.slodyczezpomyslem.pl\/?s={search_term_string}\",\"query-input\":\"required name=search_term_string\"}],\"inLanguage\":\"en-US\"},{\"@type\":\"ImageObject\",\"@id\":\"https:\/\/starysklep.slodyczezpomyslem.pl\/en\/product\/sweet-dream-04-19a-2\/#primaryimage\",\"inLanguage\":\"en-US\",\"url\":\"https:\/\/starysklep.slodyczezpomyslem.pl\/wp-content\/uploads\/2022\/09\/04.19A_2022.jpg\",\"contentUrl\":\"https:\/\/starysklep.slodyczezpomyslem.pl\/wp-content\/uploads\/2022\/09\/04.19A_2022.jpg\",\"width\":1200,\"height\":900,\"caption\":\"sweet dream 04.19A - 2\"},{\"@type\":\"WebPage\",\"@id\":\"https:\/\/starysklep.slodyczezpomyslem.pl\/en\/product\/sweet-dream-04-19a-2\/#webpage\",\"url\":\"https:\/\/starysklep.slodyczezpomyslem.pl\/en\/product\/sweet-dream-04-19a-2\/\",\"name\":\"Sweet Dream 04.19A - S\\u0142odycze reklamowe B&B\",\"isPartOf\":{\"@id\":\"https:\/\/starysklep.slodyczezpomyslem.pl\/#website\"},\"primaryImageOfPage\":{\"@id\":\"https:\/\/starysklep.slodyczezpomyslem.pl\/en\/product\/sweet-dream-04-19a-2\/#primaryimage\"},\"datePublished\":\"2022-10-05T14:00:33+00:00\",\"dateModified\":\"2024-03-21T14:09:30+00:00\",\"description\":\"Sweet Dream 04.19A. Reklama i s\\u0142odycze to nasze dwie pasje. \\u0141\\u0105czymy je w s\\u0142odycze reklamowe, kt\\u00f3re buduj\\u0105 Tw\\u00f3j pozytywny wizerunek. W czym mo\\u017cemy pom\\u00f3c?\",\"breadcrumb\":{\"@id\":\"https:\/\/starysklep.slodyczezpomyslem.pl\/en\/product\/sweet-dream-04-19a-2\/#breadcrumb\"},\"inLanguage\":\"en-US\",\"potentialAction\":[{\"@type\":\"ReadAction\",\"target\":[\"https:\/\/starysklep.slodyczezpomyslem.pl\/en\/product\/sweet-dream-04-19a-2\/\"]}]},{\"@type\":\"BreadcrumbList\",\"@id\":\"https:\/\/starysklep.slodyczezpomyslem.pl\/en\/product\/sweet-dream-04-19a-2\/#breadcrumb\",\"itemListElement\":[{\"@type\":\"ListItem\",\"position\":1,\"item\":{\"@type\":\"WebPage\",\"@id\":\"https:\/\/starysklep.slodyczezpomyslem.pl\/en\/\",\"url\":\"https:\/\/starysklep.slodyczezpomyslem.pl\/en\/\",\"name\":\"Strona g\\u0142\\u00f3wna\"}},{\"@type\":\"ListItem\",\"position\":2,\"item\":{\"@type\":\"WebPage\",\"@id\":\"https:\/\/starysklep.slodyczezpomyslem.pl\/en\/offer\/\",\"url\":\"https:\/\/starysklep.slodyczezpomyslem.pl\/en\/offer\/\",\"name\":\"Offer\"}},{\"@type\":\"ListItem\",\"position\":3,\"item\":{\"@id\":\"https:\/\/starysklep.slodyczezpomyslem.pl\/en\/product\/sweet-dream-04-19a-2\/#webpage\"}}]}]}<\/script>\n<!-- \/ Yoast SEO plugin. -->","_links":{"self":[{"href":"https:\/\/starysklep.slodyczezpomyslem.pl\/en\/wp-json\/wp\/v2\/product\/9821","targetHints":{"allow":["GET"]}}],"collection":[{"href":"https:\/\/starysklep.slodyczezpomyslem.pl\/en\/wp-json\/wp\/v2\/product"}],"about":[{"href":"https:\/\/starysklep.slodyczezpomyslem.pl\/en\/wp-json\/wp\/v2\/types\/product"}],"replies":[{"embeddable":true,"href":"https:\/\/starysklep.slodyczezpomyslem.pl\/en\/wp-json\/wp\/v2\/comments?post=9821"}],"wp:featuredmedia":[{"embeddable":true,"href":"https:\/\/starysklep.slodyczezpomyslem.pl\/en\/wp-json\/wp\/v2\/media\/9606"}],"wp:attachment":[{"href":"https:\/\/starysklep.slodyczezpomyslem.pl\/en\/wp-json\/wp\/v2\/media?parent=9821"}],"curies":[{"name":"wp","href":"https:\/\/api.w.org\/{rel}","templated":true}]}}